{"id":10,"date":"2025-07-02T11:14:48","date_gmt":"2025-07-02T09:14:48","guid":{"rendered":"http:\/\/localhost:8888\/alma_certif\/?page_id=10"},"modified":"2026-03-24T14:28:52","modified_gmt":"2026-03-24T13:28:52","slug":"a-propos","status":"publish","type":"page","link":"https:\/\/imagimedia.fr\/preprod-almacertif\/en\/a-propos\/","title":{"rendered":"\u00c0 propos"},"content":{"rendered":"\t\t<div data-elementor-type=\"wp-page\" data-elementor-id=\"10\" class=\"elementor elementor-10\" data-elementor-post-type=\"page\">\n\t\t\t\t<div class=\"elementor-element elementor-element-cd0e8fa e-flex e-con-boxed e-con e-parent\" data-id=\"cd0e8fa\" data-element_type=\"container\" data-e-type=\"container\" data-settings=\"{&quot;background_background&quot;:&quot;classic&quot;,&quot;background_motion_fx_motion_fx_scrolling&quot;:&quot;yes&quot;,&quot;background_motion_fx_blur_effect&quot;:&quot;yes&quot;,&quot;background_motion_fx_blur_level&quot;:{&quot;unit&quot;:&quot;px&quot;,&quot;size&quot;:1,&quot;sizes&quot;:[]},&quot;background_motion_fx_blur_direction&quot;:&quot;out-in&quot;,&quot;background_motion_fx_blur_range&quot;:{&quot;unit&quot;:&quot;%&quot;,&quot;size&quot;:&quot;&quot;,&quot;sizes&quot;:{&quot;start&quot;:20,&quot;end&quot;:80}},&quot;background_motion_fx_devices&quot;:[&quot;desktop&quot;,&quot;tablet&quot;,&quot;mobile&quot;]}\">\n\t\t\t\t\t<div class=\"e-con-inner\">\n\t\t<div class=\"elementor-element elementor-element-ced7aaf e-con-full e-flex e-con e-child\" data-id=\"ced7aaf\" data-element_type=\"container\" data-e-type=\"container\">\n\t\t<div class=\"elementor-element elementor-element-b2bd37c e-con-full e-flex e-con e-child\" data-id=\"b2bd37c\" data-element_type=\"container\" data-e-type=\"container\">\n\t\t\t\t<div class=\"elementor-element elementor-element-1bee02c elementor-widget elementor-widget-text-editor\" data-id=\"1bee02c\" data-element_type=\"widget\" data-e-type=\"widget\" data-widget_type=\"text-editor.default\">\n\t\t\t\t\t\t\t\t\t<h1 style=\"color: #fff;\">ALMA CERTIF,<br>\norganisme de certification ISO au service des TPE\/PME<\/h1>\t\t\t\t\t\t\t\t<\/div>\n\t\t\t\t<\/div>\n\t\t\t\t<\/div>\n\t\t\t\t\t<\/div>\n\t\t\t\t<\/div>\n\t\t<div class=\"elementor-element elementor-element-05ac024 e-flex e-con-boxed e-con e-parent\" data-id=\"05ac024\" data-element_type=\"container\" data-e-type=\"container\">\n\t\t\t\t\t<div class=\"e-con-inner\">\n\t\t\t\t<div class=\"elementor-element elementor-element-c69dd0a elementor-widget elementor-widget-spacer\" data-id=\"c69dd0a\" data-element_type=\"widget\" data-e-type=\"widget\" data-widget_type=\"spacer.default\">\n\t\t\t\t\t\t\t<div class=\"elementor-spacer\">\n\t\t\t<div class=\"elementor-spacer-inner\"><\/div>\n\t\t<\/div>\n\t\t\t\t\t\t<\/div>\n\t\t\t\t<div class=\"elementor-element elementor-element-5fcaec0 elementor-widget elementor-widget-heading\" data-id=\"5fcaec0\" data-element_type=\"widget\" data-e-type=\"widget\" data-widget_type=\"heading.default\">\n\t\t\t\t\t<h2 class=\"elementor-heading-title elementor-size-default\">Notre agence<\/h2>\t\t\t\t<\/div>\n\t\t\t\t<div class=\"elementor-element elementor-element-025ba7e elementor-widget-divider--view-line elementor-widget elementor-widget-divider\" data-id=\"025ba7e\" data-element_type=\"widget\" data-e-type=\"widget\" data-widget_type=\"divider.default\">\n\t\t\t\t\t\t\t<div class=\"elementor-divider\">\n\t\t\t<span class=\"elementor-divider-separator\">\n\t\t\t\t\t\t<\/span>\n\t\t<\/div>\n\t\t\t\t\t\t<\/div>\n\t\t<div class=\"elementor-element elementor-element-154be2a e-grid e-con-full e-con e-child\" data-id=\"154be2a\" data-element_type=\"container\" data-e-type=\"container\">\n\t\t<div class=\"elementor-element elementor-element-7ade1ea e-con-full e-flex e-con e-child\" data-id=\"7ade1ea\" data-element_type=\"container\" data-e-type=\"container\">\n\t\t\t\t<div class=\"elementor-element elementor-element-88ce450 elementor-widget elementor-widget-text-editor\" data-id=\"88ce450\" data-element_type=\"widget\" data-e-type=\"widget\" data-widget_type=\"text-editor.default\">\n\t\t\t\t\t\t\t\t\t<p>Cr\u00e9\u00e9e \u00e0 Paris en 2021, l\u2019Agence fran\u00e7aise Alma Certification est un organisme certificateur, n\u00e9 du constat que beaucoup d\u2019entreprises de petite ou moyenne taille ne sont pas certifi\u00e9es \u00e0 une norme internationale ISO par manque de temps, manque de ressource humaine sp\u00e9cialis\u00e9e ou carr\u00e9ment manque d\u2019int\u00e9r\u00eat.<\/p>\n<p>Pourtant, les certifications sont devenues de plus en plus incontournables pour faire face \u00e0 l\u2019\u00e9volution des exigences clients et des exigences r\u00e9glementaires, mais aussi et surtout pour d\u00e9velopper son activit\u00e9.<\/p>\n<p>ALMA CERTIF a donc pour but de rendre la certification accessible \u00e0 tous, par la r\u00e9activit\u00e9 aux demandes de certification et la simplicit\u00e9 de la d\u00e9marche.<\/p>\n<p>Nos auditeurs, sp\u00e9cialis\u00e9s et exp\u00e9riment\u00e9s dans votre domaine d\u2019activit\u00e9, sont \u00e0 m\u00eame de vous apporter une r\u00e9elle plus-value au-del\u00e0 de la certification, en indiquant le plus largement possible dans leur rapport, les axes de progr\u00e8s \u00e0 accomplir, tout en mettant en lumi\u00e8re vos points forts.<\/p>\n<p>Forts de l&rsquo;exp\u00e9rience et de la comp\u00e9tence de nos experts, nous avons cibl\u00e9 3 secteurs d&rsquo;activit\u00e9 pour lesquels nous avons \u00e9labor\u00e9 un guide de la d\u00e9marche RSE qui facilite le processus d&rsquo;am\u00e9lioration des performances extra-financi\u00e8res.<\/p>\n<p>Il s&rsquo;agit du secteur de prestations de <a href=\"https:\/\/imagimedia.fr\/preprod-almacertif\/guide-label-rse-securite-privee\/\"><strong>services de s\u00e9curit\u00e9 des personnes et des biens<\/strong><\/a>, du <strong>secteur industriel<\/strong> et du secteur <strong>m\u00e9dico-pharmaceutique<\/strong>.<\/p>\n<p>Prenant en compte les sp\u00e9cificit\u00e9s du terrain, nous avons \u00e9labor\u00e9 par ailleurs un guide de la d\u00e9marche RSE \u00e0 la fois adapt\u00e9 au contexte des pays d&rsquo;Afrique et align\u00e9 aux lignes directrices de la norme ISO 26000.<\/p>\t\t\t\t\t\t\t\t<\/div>\n\t\t\t\t<\/div>\n\t\t<div class=\"elementor-element elementor-element-f3f9b83 e-con-full e-flex e-con e-child\" data-id=\"f3f9b83\" data-element_type=\"container\" data-e-type=\"container\">\n\t\t\t\t<div class=\"elementor-element elementor-element-288dfe0 elementor-widget elementor-widget-image\" data-id=\"288dfe0\" data-element_type=\"widget\" data-e-type=\"widget\" data-widget_type=\"image.default\">\n\t\t\t\t\t\t\t\t\t\t\t\t\t\t\t<img fetchpriority=\"high\" decoding=\"async\" width=\"730\" height=\"420\" src=\"https:\/\/imagimedia.fr\/preprod-almacertif\/wp-content\/uploads\/2025\/07\/alma_certif_agence.jpg\" class=\"attachment-large size-large wp-image-351\" alt=\"\" srcset=\"https:\/\/imagimedia.fr\/preprod-almacertif\/wp-content\/uploads\/2025\/07\/alma_certif_agence.jpg 730w, https:\/\/imagimedia.fr\/preprod-almacertif\/wp-content\/uploads\/2025\/07\/alma_certif_agence-300x173.jpg 300w\" sizes=\"(max-width: 730px) 100vw, 730px\" \/>\t\t\t\t\t\t\t\t\t\t\t\t\t\t\t<\/div>\n\t\t\t\t<\/div>\n\t\t\t\t<\/div>\n\t\t\t\t\t<\/div>\n\t\t\t\t<\/div>\n\t\t\t\t<\/div>\n\t\t","protected":false},"excerpt":{"rendered":"<p>ALMA CERTIF, organisme de certification ISO au service des TPE\/PME Notre agence Cr\u00e9\u00e9e \u00e0 Paris en 2021, l\u2019Agence fran\u00e7aise Alma [&hellip;]<\/p>\n","protected":false},"author":4,"featured_media":0,"parent":0,"menu_order":0,"comment_status":"closed","ping_status":"closed","template":"","meta":{"_acf_changed":false,"site-sidebar-layout":"no-sidebar","site-content-layout":"","ast-site-content-layout":"full-width-container","site-content-style":"default","site-sidebar-style":"default","ast-global-header-display":"","ast-banner-title-visibility":"","ast-main-header-display":"","ast-hfb-above-header-display":"","ast-hfb-below-header-display":"","ast-hfb-mobile-header-display":"","site-post-title":"disabled","ast-breadcrumbs-content":"","ast-featured-img":"disabled","footer-sml-layout":"","ast-disable-related-posts":"","theme-transparent-header-meta":"","adv-header-id-meta":"","stick-header-meta":"","header-above-stick-meta":"","header-main-stick-meta":"","header-below-stick-meta":"","astra-migrate-meta-layouts":"default","ast-page-background-enabled":"default","ast-page-background-meta":{"desktop":{"background-color":"var(--ast-global-color-5)","background-image":"","background-repeat":"repeat","background-position":"center center","background-size":"auto","background-attachment":"scroll","background-type":"","background-media":"","overlay-type":"","overlay-color":"","overlay-opacity":"","overlay-gradient":""},"tablet":{"background-color":"","background-image":"","background-repeat":"repeat","background-position":"center center","background-size":"auto","background-attachment":"scroll","background-type":"","background-media":"","overlay-type":"","overlay-color":"","overlay-opacity":"","overlay-gradient":""},"mobile":{"background-color":"","background-image":"","background-repeat":"repeat","background-position":"center center","background-size":"auto","background-attachment":"scroll","background-type":"","background-media":"","overlay-type":"","overlay-color":"","overlay-opacity":"","overlay-gradient":""}},"ast-content-background-meta":{"desktop":{"background-color":"var(--ast-global-color-4)","background-image":"","background-repeat":"repeat","background-position":"center center","background-size":"auto","background-attachment":"scroll","background-type":"","background-media":"","overlay-type":"","overlay-color":"","overlay-opacity":"","overlay-gradient":""},"tablet":{"background-color":"var(--ast-global-color-4)","background-image":"","background-repeat":"repeat","background-position":"center center","background-size":"auto","background-attachment":"scroll","background-type":"","background-media":"","overlay-type":"","overlay-color":"","overlay-opacity":"","overlay-gradient":""},"mobile":{"background-color":"var(--ast-global-color-4)","background-image":"","background-repeat":"repeat","background-position":"center center","background-size":"auto","background-attachment":"scroll","background-type":"","background-media":"","overlay-type":"","overlay-color":"","overlay-opacity":"","overlay-gradient":""}},"footnotes":""},"class_list":["post-10","page","type-page","status-publish","hentry"],"acf":[],"yoast_head":"<!-- This site is optimized with the Yoast SEO plugin v27.3 - https:\/\/yoast.com\/product\/yoast-seo-wordpress\/ -->\n<title>Organisme de certification ISO - \u00c0 propos | ALMA CERTIF<\/title>\n<meta name=\"description\" content=\"D\u00e9couvrez ALMA CERTIF, organisme de certification ISO accessible \u00e0 tous : mission, \u00e9quipe, valeurs et approche d\u2019audit.\" \/>\n<meta name=\"robots\" content=\"noindex, follow, max-snippet:-1, max-image-preview:large, max-video-preview:-1\" \/>\n<meta property=\"og:locale\" content=\"en_US\" \/>\n<meta property=\"og:type\" content=\"article\" \/>\n<meta property=\"og:title\" content=\"Organisme de certification ISO - \u00c0 propos | ALMA CERTIF\" \/>\n<meta property=\"og:description\" content=\"D\u00e9couvrez ALMA CERTIF, organisme de certification ISO accessible \u00e0 tous : mission, \u00e9quipe, valeurs et approche d\u2019audit.\" \/>\n<meta property=\"og:url\" content=\"https:\/\/imagimedia.fr\/preprod-almacertif\/en\/a-propos\/\" \/>\n<meta property=\"og:site_name\" content=\"ALMA CERTIF\" \/>\n<meta property=\"article:modified_time\" content=\"2026-03-24T13:28:52+00:00\" \/>\n<meta property=\"og:image\" content=\"https:\/\/imagimedia.fr\/preprod-almacertif\/wp-content\/uploads\/2025\/07\/alma_certif_agence.jpg\" \/>\n<meta name=\"twitter:card\" content=\"summary_large_image\" \/>\n<meta name=\"twitter:label1\" content=\"Est. reading time\" \/>\n\t<meta name=\"twitter:data1\" content=\"2 minutes\" \/>\n<script type=\"application\/ld+json\" class=\"yoast-schema-graph\">{\"@context\":\"https:\\\/\\\/schema.org\",\"@graph\":[{\"@type\":\"WebPage\",\"@id\":\"https:\\\/\\\/imagimedia.fr\\\/preprod-almacertif\\\/a-propos\\\/\",\"url\":\"https:\\\/\\\/imagimedia.fr\\\/preprod-almacertif\\\/a-propos\\\/\",\"name\":\"Organisme de certification ISO - \u00c0 propos | ALMA CERTIF\",\"isPartOf\":{\"@id\":\"https:\\\/\\\/imagimedia.fr\\\/preprod-almacertif\\\/#website\"},\"primaryImageOfPage\":{\"@id\":\"https:\\\/\\\/imagimedia.fr\\\/preprod-almacertif\\\/a-propos\\\/#primaryimage\"},\"image\":{\"@id\":\"https:\\\/\\\/imagimedia.fr\\\/preprod-almacertif\\\/a-propos\\\/#primaryimage\"},\"thumbnailUrl\":\"https:\\\/\\\/imagimedia.fr\\\/preprod-almacertif\\\/wp-content\\\/uploads\\\/2025\\\/07\\\/alma_certif_agence.jpg\",\"datePublished\":\"2025-07-02T09:14:48+00:00\",\"dateModified\":\"2026-03-24T13:28:52+00:00\",\"description\":\"D\u00e9couvrez ALMA CERTIF, organisme de certification ISO accessible \u00e0 tous : mission, \u00e9quipe, valeurs et approche d\u2019audit.\",\"breadcrumb\":{\"@id\":\"https:\\\/\\\/imagimedia.fr\\\/preprod-almacertif\\\/a-propos\\\/#breadcrumb\"},\"inLanguage\":\"en-US\",\"potentialAction\":[{\"@type\":\"ReadAction\",\"target\":[\"https:\\\/\\\/imagimedia.fr\\\/preprod-almacertif\\\/a-propos\\\/\"]}]},{\"@type\":\"ImageObject\",\"inLanguage\":\"en-US\",\"@id\":\"https:\\\/\\\/imagimedia.fr\\\/preprod-almacertif\\\/a-propos\\\/#primaryimage\",\"url\":\"https:\\\/\\\/imagimedia.fr\\\/preprod-almacertif\\\/wp-content\\\/uploads\\\/2025\\\/07\\\/alma_certif_agence.jpg\",\"contentUrl\":\"https:\\\/\\\/imagimedia.fr\\\/preprod-almacertif\\\/wp-content\\\/uploads\\\/2025\\\/07\\\/alma_certif_agence.jpg\"},{\"@type\":\"BreadcrumbList\",\"@id\":\"https:\\\/\\\/imagimedia.fr\\\/preprod-almacertif\\\/a-propos\\\/#breadcrumb\",\"itemListElement\":[{\"@type\":\"ListItem\",\"position\":1,\"name\":\"Accueil\",\"item\":\"https:\\\/\\\/imagimedia.fr\\\/preprod-almacertif\\\/\"},{\"@type\":\"ListItem\",\"position\":2,\"name\":\"\u00c0 propos\"}]},{\"@type\":\"WebSite\",\"@id\":\"https:\\\/\\\/imagimedia.fr\\\/preprod-almacertif\\\/#website\",\"url\":\"https:\\\/\\\/imagimedia.fr\\\/preprod-almacertif\\\/\",\"name\":\"ALMA CERTIF\",\"description\":\"Faire savoir le savoir-faire\",\"publisher\":{\"@id\":\"https:\\\/\\\/imagimedia.fr\\\/preprod-almacertif\\\/#organization\"},\"potentialAction\":[{\"@type\":\"SearchAction\",\"target\":{\"@type\":\"EntryPoint\",\"urlTemplate\":\"https:\\\/\\\/imagimedia.fr\\\/preprod-almacertif\\\/?s={search_term_string}\"},\"query-input\":{\"@type\":\"PropertyValueSpecification\",\"valueRequired\":true,\"valueName\":\"search_term_string\"}}],\"inLanguage\":\"en-US\"},{\"@type\":\"Organization\",\"@id\":\"https:\\\/\\\/imagimedia.fr\\\/preprod-almacertif\\\/#organization\",\"name\":\"ALMA CERTIF\",\"url\":\"https:\\\/\\\/imagimedia.fr\\\/preprod-almacertif\\\/\",\"logo\":{\"@type\":\"ImageObject\",\"inLanguage\":\"en-US\",\"@id\":\"https:\\\/\\\/imagimedia.fr\\\/preprod-almacertif\\\/#\\\/schema\\\/logo\\\/image\\\/\",\"url\":\"https:\\\/\\\/imagimedia.fr\\\/preprod-almacertif\\\/wp-content\\\/uploads\\\/2025\\\/07\\\/cropped-LOGO-ALMA-CERTIF-2021_v2-1.png\",\"contentUrl\":\"https:\\\/\\\/imagimedia.fr\\\/preprod-almacertif\\\/wp-content\\\/uploads\\\/2025\\\/07\\\/cropped-LOGO-ALMA-CERTIF-2021_v2-1.png\",\"width\":2469,\"height\":865,\"caption\":\"ALMA CERTIF\"},\"image\":{\"@id\":\"https:\\\/\\\/imagimedia.fr\\\/preprod-almacertif\\\/#\\\/schema\\\/logo\\\/image\\\/\"},\"sameAs\":[\"https:\\\/\\\/www.linkedin.com\\\/company\\\/agence-francaise-alma-certification\\\/\"]}]}<\/script>\n<!-- \/ Yoast SEO plugin. -->","yoast_head_json":{"title":"Organisme de certification ISO - \u00c0 propos | ALMA CERTIF","description":"D\u00e9couvrez ALMA CERTIF, organisme de certification ISO accessible \u00e0 tous : mission, \u00e9quipe, valeurs et approche d\u2019audit.","robots":{"index":"noindex","follow":"follow","max-snippet":"max-snippet:-1","max-image-preview":"max-image-preview:large","max-video-preview":"max-video-preview:-1"},"og_locale":"en_US","og_type":"article","og_title":"Organisme de certification ISO - \u00c0 propos | ALMA CERTIF","og_description":"D\u00e9couvrez ALMA CERTIF, organisme de certification ISO accessible \u00e0 tous : mission, \u00e9quipe, valeurs et approche d\u2019audit.","og_url":"https:\/\/imagimedia.fr\/preprod-almacertif\/en\/a-propos\/","og_site_name":"ALMA CERTIF","article_modified_time":"2026-03-24T13:28:52+00:00","og_image":[{"url":"https:\/\/imagimedia.fr\/preprod-almacertif\/wp-content\/uploads\/2025\/07\/alma_certif_agence.jpg","type":"","width":"","height":""}],"twitter_card":"summary_large_image","twitter_misc":{"Est. reading time":"2 minutes"},"schema":{"@context":"https:\/\/schema.org","@graph":[{"@type":"WebPage","@id":"https:\/\/imagimedia.fr\/preprod-almacertif\/a-propos\/","url":"https:\/\/imagimedia.fr\/preprod-almacertif\/a-propos\/","name":"Organisme de certification ISO - \u00c0 propos | ALMA CERTIF","isPartOf":{"@id":"https:\/\/imagimedia.fr\/preprod-almacertif\/#website"},"primaryImageOfPage":{"@id":"https:\/\/imagimedia.fr\/preprod-almacertif\/a-propos\/#primaryimage"},"image":{"@id":"https:\/\/imagimedia.fr\/preprod-almacertif\/a-propos\/#primaryimage"},"thumbnailUrl":"https:\/\/imagimedia.fr\/preprod-almacertif\/wp-content\/uploads\/2025\/07\/alma_certif_agence.jpg","datePublished":"2025-07-02T09:14:48+00:00","dateModified":"2026-03-24T13:28:52+00:00","description":"D\u00e9couvrez ALMA CERTIF, organisme de certification ISO accessible \u00e0 tous : mission, \u00e9quipe, valeurs et approche d\u2019audit.","breadcrumb":{"@id":"https:\/\/imagimedia.fr\/preprod-almacertif\/a-propos\/#breadcrumb"},"inLanguage":"en-US","potentialAction":[{"@type":"ReadAction","target":["https:\/\/imagimedia.fr\/preprod-almacertif\/a-propos\/"]}]},{"@type":"ImageObject","inLanguage":"en-US","@id":"https:\/\/imagimedia.fr\/preprod-almacertif\/a-propos\/#primaryimage","url":"https:\/\/imagimedia.fr\/preprod-almacertif\/wp-content\/uploads\/2025\/07\/alma_certif_agence.jpg","contentUrl":"https:\/\/imagimedia.fr\/preprod-almacertif\/wp-content\/uploads\/2025\/07\/alma_certif_agence.jpg"},{"@type":"BreadcrumbList","@id":"https:\/\/imagimedia.fr\/preprod-almacertif\/a-propos\/#breadcrumb","itemListElement":[{"@type":"ListItem","position":1,"name":"Accueil","item":"https:\/\/imagimedia.fr\/preprod-almacertif\/"},{"@type":"ListItem","position":2,"name":"\u00c0 propos"}]},{"@type":"WebSite","@id":"https:\/\/imagimedia.fr\/preprod-almacertif\/#website","url":"https:\/\/imagimedia.fr\/preprod-almacertif\/","name":"ALMA CERTIF","description":"Faire savoir le savoir-faire","publisher":{"@id":"https:\/\/imagimedia.fr\/preprod-almacertif\/#organization"},"potentialAction":[{"@type":"SearchAction","target":{"@type":"EntryPoint","urlTemplate":"https:\/\/imagimedia.fr\/preprod-almacertif\/?s={search_term_string}"},"query-input":{"@type":"PropertyValueSpecification","valueRequired":true,"valueName":"search_term_string"}}],"inLanguage":"en-US"},{"@type":"Organization","@id":"https:\/\/imagimedia.fr\/preprod-almacertif\/#organization","name":"ALMA CERTIF","url":"https:\/\/imagimedia.fr\/preprod-almacertif\/","logo":{"@type":"ImageObject","inLanguage":"en-US","@id":"https:\/\/imagimedia.fr\/preprod-almacertif\/#\/schema\/logo\/image\/","url":"https:\/\/imagimedia.fr\/preprod-almacertif\/wp-content\/uploads\/2025\/07\/cropped-LOGO-ALMA-CERTIF-2021_v2-1.png","contentUrl":"https:\/\/imagimedia.fr\/preprod-almacertif\/wp-content\/uploads\/2025\/07\/cropped-LOGO-ALMA-CERTIF-2021_v2-1.png","width":2469,"height":865,"caption":"ALMA CERTIF"},"image":{"@id":"https:\/\/imagimedia.fr\/preprod-almacertif\/#\/schema\/logo\/image\/"},"sameAs":["https:\/\/www.linkedin.com\/company\/agence-francaise-alma-certification\/"]}]}},"_links":{"self":[{"href":"https:\/\/imagimedia.fr\/preprod-almacertif\/en\/wp-json\/wp\/v2\/pages\/10","targetHints":{"allow":["GET"]}}],"collection":[{"href":"https:\/\/imagimedia.fr\/preprod-almacertif\/en\/wp-json\/wp\/v2\/pages"}],"about":[{"href":"https:\/\/imagimedia.fr\/preprod-almacertif\/en\/wp-json\/wp\/v2\/types\/page"}],"author":[{"embeddable":true,"href":"https:\/\/imagimedia.fr\/preprod-almacertif\/en\/wp-json\/wp\/v2\/users\/4"}],"replies":[{"embeddable":true,"href":"https:\/\/imagimedia.fr\/preprod-almacertif\/en\/wp-json\/wp\/v2\/comments?post=10"}],"version-history":[{"count":242,"href":"https:\/\/imagimedia.fr\/preprod-almacertif\/en\/wp-json\/wp\/v2\/pages\/10\/revisions"}],"predecessor-version":[{"id":6203,"href":"https:\/\/imagimedia.fr\/preprod-almacertif\/en\/wp-json\/wp\/v2\/pages\/10\/revisions\/6203"}],"wp:attachment":[{"href":"https:\/\/imagimedia.fr\/preprod-almacertif\/en\/wp-json\/wp\/v2\/media?parent=10"}],"curies":[{"name":"wp","href":"https:\/\/api.w.org\/{rel}","templated":true}]}}