{"id":13,"date":"2025-07-02T11:15:21","date_gmt":"2025-07-02T09:15:21","guid":{"rendered":"http:\/\/localhost:8888\/alma_certif\/?page_id=13"},"modified":"2026-03-24T14:30:01","modified_gmt":"2026-03-24T13:30:01","slug":"expertise","status":"publish","type":"page","link":"https:\/\/imagimedia.fr\/preprod-almacertif\/expertise\/","title":{"rendered":"Expertise"},"content":{"rendered":"\t\t<div data-elementor-type=\"wp-page\" data-elementor-id=\"13\" class=\"elementor elementor-13\" data-elementor-post-type=\"page\">\n\t\t\t\t<div class=\"elementor-element elementor-element-4a5b179 e-flex e-con-boxed e-con e-parent\" data-id=\"4a5b179\" data-element_type=\"container\" data-e-type=\"container\" data-settings=\"{&quot;background_background&quot;:&quot;classic&quot;,&quot;background_motion_fx_motion_fx_scrolling&quot;:&quot;yes&quot;,&quot;background_motion_fx_blur_effect&quot;:&quot;yes&quot;,&quot;background_motion_fx_blur_level&quot;:{&quot;unit&quot;:&quot;px&quot;,&quot;size&quot;:4,&quot;sizes&quot;:[]},&quot;background_motion_fx_blur_direction&quot;:&quot;out-in&quot;,&quot;background_motion_fx_blur_range&quot;:{&quot;unit&quot;:&quot;%&quot;,&quot;size&quot;:&quot;&quot;,&quot;sizes&quot;:{&quot;start&quot;:20,&quot;end&quot;:80}},&quot;background_motion_fx_devices&quot;:[&quot;desktop&quot;,&quot;tablet&quot;,&quot;mobile&quot;]}\">\n\t\t\t\t\t<div class=\"e-con-inner\">\n\t\t<div class=\"elementor-element elementor-element-2515f63 e-con-full e-flex e-con e-child\" data-id=\"2515f63\" data-element_type=\"container\" data-e-type=\"container\">\n\t\t<div class=\"elementor-element elementor-element-101320c e-con-full e-flex e-con e-child\" data-id=\"101320c\" data-element_type=\"container\" data-e-type=\"container\">\n\t\t\t\t<div class=\"elementor-element elementor-element-f2938a5 elementor-widget elementor-widget-text-editor\" data-id=\"f2938a5\" data-element_type=\"widget\" data-e-type=\"widget\" data-widget_type=\"text-editor.default\">\n\t\t\t\t\t\t\t\t\t<h1 style=\"color: #fff;\">AUDIT ISO :\nune m\u00e9thode claire et impartiale, adapt\u00e9e aux organisations \u00e0 taille humaine<\/h1>\t\t\t\t\t\t\t\t<\/div>\n\t\t\t\t<\/div>\n\t\t\t\t<\/div>\n\t\t\t\t\t<\/div>\n\t\t\t\t<\/div>\n\t\t<div class=\"elementor-element elementor-element-de6b2df e-flex e-con-boxed e-con e-parent\" data-id=\"de6b2df\" data-element_type=\"container\" data-e-type=\"container\">\n\t\t\t\t\t<div class=\"e-con-inner\">\n\t\t\t\t<div class=\"elementor-element elementor-element-42e2497 elementor-widget elementor-widget-spacer\" data-id=\"42e2497\" data-element_type=\"widget\" data-e-type=\"widget\" data-widget_type=\"spacer.default\">\n\t\t\t\t\t\t\t<div class=\"elementor-spacer\">\n\t\t\t<div class=\"elementor-spacer-inner\"><\/div>\n\t\t<\/div>\n\t\t\t\t\t\t<\/div>\n\t\t\t\t<div class=\"elementor-element elementor-element-5a904b7 elementor-widget elementor-widget-heading\" data-id=\"5a904b7\" data-element_type=\"widget\" data-e-type=\"widget\" data-widget_type=\"heading.default\">\n\t\t\t\t\t<h2 class=\"elementor-heading-title elementor-size-default\">Notre expertise<\/h2>\t\t\t\t<\/div>\n\t\t\t\t<div class=\"elementor-element elementor-element-e02fff3 elementor-widget-divider--view-line elementor-widget elementor-widget-divider\" data-id=\"e02fff3\" data-element_type=\"widget\" data-e-type=\"widget\" data-widget_type=\"divider.default\">\n\t\t\t\t\t\t\t<div class=\"elementor-divider\">\n\t\t\t<span class=\"elementor-divider-separator\">\n\t\t\t\t\t\t<\/span>\n\t\t<\/div>\n\t\t\t\t\t\t<\/div>\n\t\t<div class=\"elementor-element elementor-element-bdccdff e-grid e-con-full e-con e-child\" data-id=\"bdccdff\" data-element_type=\"container\" data-e-type=\"container\">\n\t\t<div class=\"elementor-element elementor-element-7f91b4a e-con-full e-flex e-con e-child\" data-id=\"7f91b4a\" data-element_type=\"container\" data-e-type=\"container\">\n\t\t\t\t<div class=\"elementor-element elementor-element-429d2eb elementor-widget elementor-widget-text-editor\" data-id=\"429d2eb\" data-element_type=\"widget\" data-e-type=\"widget\" data-widget_type=\"text-editor.default\">\n\t\t\t\t\t\t\t\t\t<p>Chaque auditeur ALMA CERTIF est agr\u00e9\u00e9, suite \u00e0 un processus de qualification pr\u00e9alable sur dossier, suivi d&rsquo;un test \u00e9crit et enfin, d&rsquo;un entretien de s\u00e9lection final.<\/p><p>Notre choix d&rsquo;auditeurs respecte \u00e9galement les exigences d\u00e9ontologiques, \u00e9thiques et professionnelles du r\u00e9f\u00e9rentiel ISO 19011. Nous prenons surtout en compte l&rsquo;exp\u00e9rience et la comp\u00e9tence de chaque candidat, en rapport avec les domaines d&rsquo;application des organismes et les m\u00e9tiers \u00e0 auditer.<\/p><p>Appuy\u00e9e par le cabinet 3D SYNERGIE, notre direction s&rsquo;est orient\u00e9e vers la mise en place et la maintenance d&rsquo;un syst\u00e8me de management de la certification ISO 9001 et de la certification QUALIOPI, conform\u00e9ment aux r\u00e9f\u00e9rentiels respectifs NF EN ISO\/IEC 17021-1 :2025 et NF EN ISO\/IEC 17065 :2012 en vue de l&rsquo;accr\u00e9ditation COFRAC dans un p\u00e9rim\u00e8tre bien d\u00e9fini.<\/p><p>Le renouvellement annuel de l&rsquo;agr\u00e9ment des auditeurs s&rsquo;op\u00e8re \u00e0 la fois, compte tenu de l&rsquo;appr\u00e9ciation des clients audits, mais aussi de l&rsquo;\u00e9valuation annuelle de notre direction technique.<\/p><p>Nos commissions de certification examinent chaque fois avec attention les rapports \u00e9manant des diff\u00e9rents auditeurs missionn\u00e9s chez nos clients. Notre expertise a pour finalit\u00e9 de faire de nos audits un levier de performance pour les organismes audit\u00e9s, qui sont invit\u00e9s \u00e0 la fin des audits, \u00e0 donner leur avis sur le d\u00e9roulement de notre mission.<\/p><p>La d\u00e9marche qui conduit \u00e0 la certification aux normes ISO est bas\u00e9e sur le principe de la roue de DEMING. Ce principe consiste pour chaque organisme \u00e0 s&rsquo;engager dans un cycle d&rsquo;am\u00e9lioration continue \u00e0 travers 4 \u00e9tapes : la planification, la r\u00e9alisation, le contr\u00f4le et la prise des nouvelles d\u00e9cisions.<\/p><p>C&rsquo;est ce cheminement p\u00e9riodique, repr\u00e9sent\u00e9 par la figure ci-contre, qui permet \u00e0 chaque organisme d&rsquo;obtenir les r\u00e9sultats escompt\u00e9s de leur politique qualit\u00e9, s\u00e9curit\u00e9, environnement ou autre. C&rsquo;est \u00e0 travers le \u00ab\u00a0P.D.C.A.\u00a0\u00bb que chaque organisme peut faire vivre son syst\u00e8me de management et garantir sa performance, son efficacit\u00e9 et sa conformit\u00e9.<\/p>\t\t\t\t\t\t\t\t<\/div>\n\t\t\t\t<\/div>\n\t\t<div class=\"elementor-element elementor-element-8f432e1 e-con-full e-flex e-con e-child\" data-id=\"8f432e1\" data-element_type=\"container\" data-e-type=\"container\">\n\t\t\t\t<div class=\"elementor-element elementor-element-fd018dc elementor-widget elementor-widget-image\" data-id=\"fd018dc\" data-element_type=\"widget\" data-e-type=\"widget\" data-widget_type=\"image.default\">\n\t\t\t\t\t\t\t\t\t\t\t\t\t\t\t<img fetchpriority=\"high\" decoding=\"async\" width=\"730\" height=\"343\" src=\"https:\/\/imagimedia.fr\/preprod-almacertif\/wp-content\/uploads\/2025\/07\/alma_certif_expertise_hommes.jpg\" class=\"attachment-large size-large wp-image-383\" alt=\"\" srcset=\"https:\/\/imagimedia.fr\/preprod-almacertif\/wp-content\/uploads\/2025\/07\/alma_certif_expertise_hommes.jpg 730w, https:\/\/imagimedia.fr\/preprod-almacertif\/wp-content\/uploads\/2025\/07\/alma_certif_expertise_hommes-300x141.jpg 300w\" sizes=\"(max-width: 730px) 100vw, 730px\" \/>\t\t\t\t\t\t\t\t\t\t\t\t\t\t\t<\/div>\n\t\t\t\t<div class=\"elementor-element elementor-element-0fb4238 elementor-widget elementor-widget-image\" data-id=\"0fb4238\" data-element_type=\"widget\" data-e-type=\"widget\" data-widget_type=\"image.default\">\n\t\t\t\t\t\t\t\t\t\t\t\t\t\t\t<img decoding=\"async\" width=\"730\" height=\"354\" src=\"https:\/\/imagimedia.fr\/preprod-almacertif\/wp-content\/uploads\/2025\/07\/schema_pdca.jpg\" class=\"attachment-large size-large wp-image-384\" alt=\"\" srcset=\"https:\/\/imagimedia.fr\/preprod-almacertif\/wp-content\/uploads\/2025\/07\/schema_pdca.jpg 730w, https:\/\/imagimedia.fr\/preprod-almacertif\/wp-content\/uploads\/2025\/07\/schema_pdca-300x145.jpg 300w\" sizes=\"(max-width: 730px) 100vw, 730px\" \/>\t\t\t\t\t\t\t\t\t\t\t\t\t\t\t<\/div>\n\t\t\t\t<\/div>\n\t\t\t\t<\/div>\n\t\t\t\t\t<\/div>\n\t\t\t\t<\/div>\n\t\t\t\t<\/div>\n\t\t","protected":false},"excerpt":{"rendered":"<p>AUDIT ISO : une m\u00e9thode claire et impartiale, adapt\u00e9e aux organisations \u00e0 taille humaine Notre expertise Chaque auditeur ALMA CERTIF [&hellip;]<\/p>\n","protected":false},"author":4,"featured_media":0,"parent":0,"menu_order":0,"comment_status":"closed","ping_status":"closed","template":"","meta":{"_acf_changed":false,"site-sidebar-layout":"no-sidebar","site-content-layout":"","ast-site-content-layout":"full-width-container","site-content-style":"default","site-sidebar-style":"default","ast-global-header-display":"","ast-banner-title-visibility":"","ast-main-header-display":"","ast-hfb-above-header-display":"","ast-hfb-below-header-display":"","ast-hfb-mobile-header-display":"","site-post-title":"disabled","ast-breadcrumbs-content":"","ast-featured-img":"disabled","footer-sml-layout":"","ast-disable-related-posts":"","theme-transparent-header-meta":"","adv-header-id-meta":"","stick-header-meta":"","header-above-stick-meta":"","header-main-stick-meta":"","header-below-stick-meta":"","astra-migrate-meta-layouts":"default","ast-page-background-enabled":"default","ast-page-background-meta":{"desktop":{"background-color":"var(--ast-global-color-5)","background-image":"","background-repeat":"repeat","background-position":"center center","background-size":"auto","background-attachment":"scroll","background-type":"","background-media":"","overlay-type":"","overlay-color":"","overlay-opacity":"","overlay-gradient":""},"tablet":{"background-color":"","background-image":"","background-repeat":"repeat","background-position":"center center","background-size":"auto","background-attachment":"scroll","background-type":"","background-media":"","overlay-type":"","overlay-color":"","overlay-opacity":"","overlay-gradient":""},"mobile":{"background-color":"","background-image":"","background-repeat":"repeat","background-position":"center center","background-size":"auto","background-attachment":"scroll","background-type":"","background-media":"","overlay-type":"","overlay-color":"","overlay-opacity":"","overlay-gradient":""}},"ast-content-background-meta":{"desktop":{"background-color":"var(--ast-global-color-4)","background-image":"","background-repeat":"repeat","background-position":"center center","background-size":"auto","background-attachment":"scroll","background-type":"","background-media":"","overlay-type":"","overlay-color":"","overlay-opacity":"","overlay-gradient":""},"tablet":{"background-color":"var(--ast-global-color-4)","background-image":"","background-repeat":"repeat","background-position":"center center","background-size":"auto","background-attachment":"scroll","background-type":"","background-media":"","overlay-type":"","overlay-color":"","overlay-opacity":"","overlay-gradient":""},"mobile":{"background-color":"var(--ast-global-color-4)","background-image":"","background-repeat":"repeat","background-position":"center center","background-size":"auto","background-attachment":"scroll","background-type":"","background-media":"","overlay-type":"","overlay-color":"","overlay-opacity":"","overlay-gradient":""}},"footnotes":""},"class_list":["post-13","page","type-page","status-publish","hentry"],"acf":[],"yoast_head":"<!-- This site is optimized with the Yoast SEO plugin v27.3 - https:\/\/yoast.com\/product\/yoast-seo-wordpress\/ -->\n<title>Audit ISO : M\u00e9thode et impartialit\u00e9 - Expertise | ALMA CERTIF<\/title>\n<meta name=\"description\" content=\"Audit ISO : une m\u00e9thode claire et impartiale, de la pr\u00e9paration \u00e0 la d\u00e9cision, pour r\u00e9ussir votre certification.\" \/>\n<meta name=\"robots\" content=\"noindex, follow, max-snippet:-1, max-image-preview:large, max-video-preview:-1\" \/>\n<meta property=\"og:locale\" content=\"fr_FR\" \/>\n<meta property=\"og:type\" content=\"article\" \/>\n<meta property=\"og:title\" content=\"Audit ISO : M\u00e9thode et impartialit\u00e9 - Expertise | ALMA CERTIF\" \/>\n<meta property=\"og:description\" content=\"Audit ISO : une m\u00e9thode claire et impartiale, de la pr\u00e9paration \u00e0 la d\u00e9cision, pour r\u00e9ussir votre certification.\" \/>\n<meta property=\"og:url\" content=\"https:\/\/imagimedia.fr\/preprod-almacertif\/expertise\/\" \/>\n<meta property=\"og:site_name\" content=\"ALMA CERTIF\" \/>\n<meta property=\"article:modified_time\" content=\"2026-03-24T13:30:01+00:00\" \/>\n<meta property=\"og:image\" content=\"https:\/\/imagimedia.fr\/preprod-almacertif\/wp-content\/uploads\/2025\/07\/alma_certif_expertise_hommes.jpg\" \/>\n<meta name=\"twitter:card\" content=\"summary_large_image\" \/>\n<meta name=\"twitter:label1\" content=\"Dur\u00e9e de lecture estim\u00e9e\" \/>\n\t<meta name=\"twitter:data1\" content=\"2 minutes\" \/>\n<script type=\"application\/ld+json\" class=\"yoast-schema-graph\">{\"@context\":\"https:\\\/\\\/schema.org\",\"@graph\":[{\"@type\":\"WebPage\",\"@id\":\"https:\\\/\\\/imagimedia.fr\\\/preprod-almacertif\\\/expertise\\\/\",\"url\":\"https:\\\/\\\/imagimedia.fr\\\/preprod-almacertif\\\/expertise\\\/\",\"name\":\"Audit ISO : M\u00e9thode et impartialit\u00e9 - Expertise | ALMA CERTIF\",\"isPartOf\":{\"@id\":\"https:\\\/\\\/imagimedia.fr\\\/preprod-almacertif\\\/#website\"},\"primaryImageOfPage\":{\"@id\":\"https:\\\/\\\/imagimedia.fr\\\/preprod-almacertif\\\/expertise\\\/#primaryimage\"},\"image\":{\"@id\":\"https:\\\/\\\/imagimedia.fr\\\/preprod-almacertif\\\/expertise\\\/#primaryimage\"},\"thumbnailUrl\":\"https:\\\/\\\/imagimedia.fr\\\/preprod-almacertif\\\/wp-content\\\/uploads\\\/2025\\\/07\\\/alma_certif_expertise_hommes.jpg\",\"datePublished\":\"2025-07-02T09:15:21+00:00\",\"dateModified\":\"2026-03-24T13:30:01+00:00\",\"description\":\"Audit ISO : une m\u00e9thode claire et impartiale, de la pr\u00e9paration \u00e0 la d\u00e9cision, pour r\u00e9ussir votre certification.\",\"breadcrumb\":{\"@id\":\"https:\\\/\\\/imagimedia.fr\\\/preprod-almacertif\\\/expertise\\\/#breadcrumb\"},\"inLanguage\":\"fr-FR\",\"potentialAction\":[{\"@type\":\"ReadAction\",\"target\":[\"https:\\\/\\\/imagimedia.fr\\\/preprod-almacertif\\\/expertise\\\/\"]}]},{\"@type\":\"ImageObject\",\"inLanguage\":\"fr-FR\",\"@id\":\"https:\\\/\\\/imagimedia.fr\\\/preprod-almacertif\\\/expertise\\\/#primaryimage\",\"url\":\"https:\\\/\\\/imagimedia.fr\\\/preprod-almacertif\\\/wp-content\\\/uploads\\\/2025\\\/07\\\/alma_certif_expertise_hommes.jpg\",\"contentUrl\":\"https:\\\/\\\/imagimedia.fr\\\/preprod-almacertif\\\/wp-content\\\/uploads\\\/2025\\\/07\\\/alma_certif_expertise_hommes.jpg\",\"width\":730,\"height\":343},{\"@type\":\"BreadcrumbList\",\"@id\":\"https:\\\/\\\/imagimedia.fr\\\/preprod-almacertif\\\/expertise\\\/#breadcrumb\",\"itemListElement\":[{\"@type\":\"ListItem\",\"position\":1,\"name\":\"Accueil\",\"item\":\"https:\\\/\\\/imagimedia.fr\\\/preprod-almacertif\\\/\"},{\"@type\":\"ListItem\",\"position\":2,\"name\":\"Expertise\"}]},{\"@type\":\"WebSite\",\"@id\":\"https:\\\/\\\/imagimedia.fr\\\/preprod-almacertif\\\/#website\",\"url\":\"https:\\\/\\\/imagimedia.fr\\\/preprod-almacertif\\\/\",\"name\":\"ALMA CERTIF\",\"description\":\"Faire savoir le savoir-faire\",\"publisher\":{\"@id\":\"https:\\\/\\\/imagimedia.fr\\\/preprod-almacertif\\\/#organization\"},\"potentialAction\":[{\"@type\":\"SearchAction\",\"target\":{\"@type\":\"EntryPoint\",\"urlTemplate\":\"https:\\\/\\\/imagimedia.fr\\\/preprod-almacertif\\\/?s={search_term_string}\"},\"query-input\":{\"@type\":\"PropertyValueSpecification\",\"valueRequired\":true,\"valueName\":\"search_term_string\"}}],\"inLanguage\":\"fr-FR\"},{\"@type\":\"Organization\",\"@id\":\"https:\\\/\\\/imagimedia.fr\\\/preprod-almacertif\\\/#organization\",\"name\":\"ALMA CERTIF\",\"url\":\"https:\\\/\\\/imagimedia.fr\\\/preprod-almacertif\\\/\",\"logo\":{\"@type\":\"ImageObject\",\"inLanguage\":\"fr-FR\",\"@id\":\"https:\\\/\\\/imagimedia.fr\\\/preprod-almacertif\\\/#\\\/schema\\\/logo\\\/image\\\/\",\"url\":\"https:\\\/\\\/imagimedia.fr\\\/preprod-almacertif\\\/wp-content\\\/uploads\\\/2025\\\/07\\\/cropped-LOGO-ALMA-CERTIF-2021_v2-1.png\",\"contentUrl\":\"https:\\\/\\\/imagimedia.fr\\\/preprod-almacertif\\\/wp-content\\\/uploads\\\/2025\\\/07\\\/cropped-LOGO-ALMA-CERTIF-2021_v2-1.png\",\"width\":2469,\"height\":865,\"caption\":\"ALMA CERTIF\"},\"image\":{\"@id\":\"https:\\\/\\\/imagimedia.fr\\\/preprod-almacertif\\\/#\\\/schema\\\/logo\\\/image\\\/\"},\"sameAs\":[\"https:\\\/\\\/www.linkedin.com\\\/company\\\/agence-francaise-alma-certification\\\/\"]}]}<\/script>\n<!-- \/ Yoast SEO plugin. -->","yoast_head_json":{"title":"Audit ISO : M\u00e9thode et impartialit\u00e9 - Expertise | ALMA CERTIF","description":"Audit ISO : une m\u00e9thode claire et impartiale, de la pr\u00e9paration \u00e0 la d\u00e9cision, pour r\u00e9ussir votre certification.","robots":{"index":"noindex","follow":"follow","max-snippet":"max-snippet:-1","max-image-preview":"max-image-preview:large","max-video-preview":"max-video-preview:-1"},"og_locale":"fr_FR","og_type":"article","og_title":"Audit ISO : M\u00e9thode et impartialit\u00e9 - Expertise | ALMA CERTIF","og_description":"Audit ISO : une m\u00e9thode claire et impartiale, de la pr\u00e9paration \u00e0 la d\u00e9cision, pour r\u00e9ussir votre certification.","og_url":"https:\/\/imagimedia.fr\/preprod-almacertif\/expertise\/","og_site_name":"ALMA CERTIF","article_modified_time":"2026-03-24T13:30:01+00:00","og_image":[{"url":"https:\/\/imagimedia.fr\/preprod-almacertif\/wp-content\/uploads\/2025\/07\/alma_certif_expertise_hommes.jpg","type":"","width":"","height":""}],"twitter_card":"summary_large_image","twitter_misc":{"Dur\u00e9e de lecture estim\u00e9e":"2 minutes"},"schema":{"@context":"https:\/\/schema.org","@graph":[{"@type":"WebPage","@id":"https:\/\/imagimedia.fr\/preprod-almacertif\/expertise\/","url":"https:\/\/imagimedia.fr\/preprod-almacertif\/expertise\/","name":"Audit ISO : M\u00e9thode et impartialit\u00e9 - Expertise | ALMA CERTIF","isPartOf":{"@id":"https:\/\/imagimedia.fr\/preprod-almacertif\/#website"},"primaryImageOfPage":{"@id":"https:\/\/imagimedia.fr\/preprod-almacertif\/expertise\/#primaryimage"},"image":{"@id":"https:\/\/imagimedia.fr\/preprod-almacertif\/expertise\/#primaryimage"},"thumbnailUrl":"https:\/\/imagimedia.fr\/preprod-almacertif\/wp-content\/uploads\/2025\/07\/alma_certif_expertise_hommes.jpg","datePublished":"2025-07-02T09:15:21+00:00","dateModified":"2026-03-24T13:30:01+00:00","description":"Audit ISO : une m\u00e9thode claire et impartiale, de la pr\u00e9paration \u00e0 la d\u00e9cision, pour r\u00e9ussir votre certification.","breadcrumb":{"@id":"https:\/\/imagimedia.fr\/preprod-almacertif\/expertise\/#breadcrumb"},"inLanguage":"fr-FR","potentialAction":[{"@type":"ReadAction","target":["https:\/\/imagimedia.fr\/preprod-almacertif\/expertise\/"]}]},{"@type":"ImageObject","inLanguage":"fr-FR","@id":"https:\/\/imagimedia.fr\/preprod-almacertif\/expertise\/#primaryimage","url":"https:\/\/imagimedia.fr\/preprod-almacertif\/wp-content\/uploads\/2025\/07\/alma_certif_expertise_hommes.jpg","contentUrl":"https:\/\/imagimedia.fr\/preprod-almacertif\/wp-content\/uploads\/2025\/07\/alma_certif_expertise_hommes.jpg","width":730,"height":343},{"@type":"BreadcrumbList","@id":"https:\/\/imagimedia.fr\/preprod-almacertif\/expertise\/#breadcrumb","itemListElement":[{"@type":"ListItem","position":1,"name":"Accueil","item":"https:\/\/imagimedia.fr\/preprod-almacertif\/"},{"@type":"ListItem","position":2,"name":"Expertise"}]},{"@type":"WebSite","@id":"https:\/\/imagimedia.fr\/preprod-almacertif\/#website","url":"https:\/\/imagimedia.fr\/preprod-almacertif\/","name":"ALMA CERTIF","description":"Faire savoir le savoir-faire","publisher":{"@id":"https:\/\/imagimedia.fr\/preprod-almacertif\/#organization"},"potentialAction":[{"@type":"SearchAction","target":{"@type":"EntryPoint","urlTemplate":"https:\/\/imagimedia.fr\/preprod-almacertif\/?s={search_term_string}"},"query-input":{"@type":"PropertyValueSpecification","valueRequired":true,"valueName":"search_term_string"}}],"inLanguage":"fr-FR"},{"@type":"Organization","@id":"https:\/\/imagimedia.fr\/preprod-almacertif\/#organization","name":"ALMA CERTIF","url":"https:\/\/imagimedia.fr\/preprod-almacertif\/","logo":{"@type":"ImageObject","inLanguage":"fr-FR","@id":"https:\/\/imagimedia.fr\/preprod-almacertif\/#\/schema\/logo\/image\/","url":"https:\/\/imagimedia.fr\/preprod-almacertif\/wp-content\/uploads\/2025\/07\/cropped-LOGO-ALMA-CERTIF-2021_v2-1.png","contentUrl":"https:\/\/imagimedia.fr\/preprod-almacertif\/wp-content\/uploads\/2025\/07\/cropped-LOGO-ALMA-CERTIF-2021_v2-1.png","width":2469,"height":865,"caption":"ALMA CERTIF"},"image":{"@id":"https:\/\/imagimedia.fr\/preprod-almacertif\/#\/schema\/logo\/image\/"},"sameAs":["https:\/\/www.linkedin.com\/company\/agence-francaise-alma-certification\/"]}]}},"_links":{"self":[{"href":"https:\/\/imagimedia.fr\/preprod-almacertif\/wp-json\/wp\/v2\/pages\/13","targetHints":{"allow":["GET"]}}],"collection":[{"href":"https:\/\/imagimedia.fr\/preprod-almacertif\/wp-json\/wp\/v2\/pages"}],"about":[{"href":"https:\/\/imagimedia.fr\/preprod-almacertif\/wp-json\/wp\/v2\/types\/page"}],"author":[{"embeddable":true,"href":"https:\/\/imagimedia.fr\/preprod-almacertif\/wp-json\/wp\/v2\/users\/4"}],"replies":[{"embeddable":true,"href":"https:\/\/imagimedia.fr\/preprod-almacertif\/wp-json\/wp\/v2\/comments?post=13"}],"version-history":[{"count":335,"href":"https:\/\/imagimedia.fr\/preprod-almacertif\/wp-json\/wp\/v2\/pages\/13\/revisions"}],"predecessor-version":[{"id":6206,"href":"https:\/\/imagimedia.fr\/preprod-almacertif\/wp-json\/wp\/v2\/pages\/13\/revisions\/6206"}],"wp:attachment":[{"href":"https:\/\/imagimedia.fr\/preprod-almacertif\/wp-json\/wp\/v2\/media?parent=13"}],"curies":[{"name":"wp","href":"https:\/\/api.w.org\/{rel}","templated":true}]}}