{"id":21,"date":"2025-07-02T11:17:11","date_gmt":"2025-07-02T09:17:11","guid":{"rendered":"http:\/\/localhost:8888\/alma_certif\/?page_id=21"},"modified":"2026-02-24T20:37:15","modified_gmt":"2026-02-24T19:37:15","slug":"contact","status":"publish","type":"page","link":"https:\/\/imagimedia.fr\/preprod-almacertif\/contact\/","title":{"rendered":"Contact"},"content":{"rendered":"\t\t<div data-elementor-type=\"wp-page\" data-elementor-id=\"21\" class=\"elementor elementor-21\" data-elementor-post-type=\"page\">\n\t\t\t\t<div class=\"elementor-element elementor-element-c610505 e-flex e-con-boxed e-con e-parent\" data-id=\"c610505\" data-element_type=\"container\" data-e-type=\"container\" data-settings=\"{&quot;background_background&quot;:&quot;classic&quot;}\">\n\t\t\t\t\t<div class=\"e-con-inner\">\n\t\t<div class=\"elementor-element elementor-element-bd3e878 e-con-full e-flex e-con e-child\" data-id=\"bd3e878\" data-element_type=\"container\" data-e-type=\"container\">\n\t\t<div class=\"elementor-element elementor-element-891727d e-con-full e-flex e-con e-child\" data-id=\"891727d\" data-element_type=\"container\" data-e-type=\"container\">\n\t\t\t\t<div class=\"elementor-element elementor-element-27cea62 elementor-widget elementor-widget-text-editor\" data-id=\"27cea62\" data-element_type=\"widget\" data-e-type=\"widget\" data-widget_type=\"text-editor.default\">\n\t\t\t\t\t\t\t\t\t<h1 style=\"color: #fff;\">Nous contacter<\/h1>\t\t\t\t\t\t\t\t<\/div>\n\t\t\t\t<\/div>\n\t\t\t\t<\/div>\n\t\t\t\t\t<\/div>\n\t\t\t\t<\/div>\n\t\t<div class=\"elementor-element elementor-element-93e91fa e-flex e-con-boxed e-con e-parent\" data-id=\"93e91fa\" data-element_type=\"container\" data-e-type=\"container\">\n\t\t\t\t\t<div class=\"e-con-inner\">\n\t\t\t\t<div class=\"elementor-element elementor-element-f6f9430 elementor-widget elementor-widget-spacer\" data-id=\"f6f9430\" data-element_type=\"widget\" data-e-type=\"widget\" data-widget_type=\"spacer.default\">\n\t\t\t\t\t\t\t<div class=\"elementor-spacer\">\n\t\t\t<div class=\"elementor-spacer-inner\"><\/div>\n\t\t<\/div>\n\t\t\t\t\t\t<\/div>\n\t\t<div class=\"elementor-element elementor-element-a0a1615 e-grid e-con-full e-con e-child\" data-id=\"a0a1615\" data-element_type=\"container\" data-e-type=\"container\">\n\t\t<div class=\"elementor-element elementor-element-ea239bc e-con-full e-flex e-con e-child\" data-id=\"ea239bc\" data-element_type=\"container\" data-e-type=\"container\">\n\t\t\t\t<div class=\"elementor-element elementor-element-01f6e38 elementor-widget elementor-widget-heading\" data-id=\"01f6e38\" data-element_type=\"widget\" data-e-type=\"widget\" data-widget_type=\"heading.default\">\n\t\t\t\t\t<h2 class=\"elementor-heading-title elementor-size-default\"><span class=\"cf0\"><b>ALMA CERTIF<\/b>, faire savoir le savoir-faire.<\/span><\/h2>\t\t\t\t<\/div>\n\t\t\t\t<div class=\"elementor-element elementor-element-2dc626b elementor-widget-divider--view-line elementor-widget elementor-widget-divider\" data-id=\"2dc626b\" data-element_type=\"widget\" data-e-type=\"widget\" data-widget_type=\"divider.default\">\n\t\t\t\t\t\t\t<div class=\"elementor-divider\">\n\t\t\t<span class=\"elementor-divider-separator\">\n\t\t\t\t\t\t<\/span>\n\t\t<\/div>\n\t\t\t\t\t\t<\/div>\n\t\t\t\t<div class=\"elementor-element elementor-element-2680bfd elementor-widget elementor-widget-text-editor\" data-id=\"2680bfd\" data-element_type=\"widget\" data-e-type=\"widget\" data-widget_type=\"text-editor.default\">\n\t\t\t\t\t\t\t\t\t<p>131, boulevard P\u00e9reire &#8211; 75017 Paris<br \/>T\u00e9l. : +33(0) 1 34 25 44 44<br \/>contact@almacertif.fr<\/p>\t\t\t\t\t\t\t\t<\/div>\n\t\t\t\t<div class=\"elementor-element elementor-element-7aaf643 elementor-widget elementor-widget-image\" data-id=\"7aaf643\" data-element_type=\"widget\" data-e-type=\"widget\" data-widget_type=\"image.default\">\n\t\t\t\t\t\t\t\t\t\t\t\t\t\t\t<img fetchpriority=\"high\" decoding=\"async\" width=\"660\" height=\"660\" src=\"https:\/\/imagimedia.fr\/preprod-almacertif\/wp-content\/uploads\/2025\/07\/plan_locaux_alma_certif.jpg\" class=\"attachment-large size-large wp-image-603\" alt=\"\" srcset=\"https:\/\/imagimedia.fr\/preprod-almacertif\/wp-content\/uploads\/2025\/07\/plan_locaux_alma_certif.jpg 660w, https:\/\/imagimedia.fr\/preprod-almacertif\/wp-content\/uploads\/2025\/07\/plan_locaux_alma_certif-300x300.jpg 300w, https:\/\/imagimedia.fr\/preprod-almacertif\/wp-content\/uploads\/2025\/07\/plan_locaux_alma_certif-150x150.jpg 150w\" sizes=\"(max-width: 660px) 100vw, 660px\" \/>\t\t\t\t\t\t\t\t\t\t\t\t\t\t\t<\/div>\n\t\t\t\t<\/div>\n\t\t<div class=\"elementor-element elementor-element-05a4925 e-con-full e-flex e-con e-child\" data-id=\"05a4925\" data-element_type=\"container\" data-e-type=\"container\">\n\t\t\t\t<div class=\"elementor-element elementor-element-f56fdf3 elementor-widget elementor-widget-text-editor\" data-id=\"f56fdf3\" data-element_type=\"widget\" data-e-type=\"widget\" data-widget_type=\"text-editor.default\">\n\t\t\t\t\t\t\t\t\tUne question, besoins d&rsquo;aide,\ncontactez-nous :\t\t\t\t\t\t\t\t<\/div>\n\t\t\t\t<div class=\"elementor-element elementor-element-5084c5f elementor-widget-divider--view-line elementor-widget elementor-widget-divider\" data-id=\"5084c5f\" data-element_type=\"widget\" data-e-type=\"widget\" data-widget_type=\"divider.default\">\n\t\t\t\t\t\t\t<div class=\"elementor-divider\">\n\t\t\t<span class=\"elementor-divider-separator\">\n\t\t\t\t\t\t<\/span>\n\t\t<\/div>\n\t\t\t\t\t\t<\/div>\n\t\t\t\t<div class=\"elementor-element elementor-element-57179e5 fluentform-widget-submit-button-custom elementor-widget elementor-widget-fluent-form-widget\" data-id=\"57179e5\" data-element_type=\"widget\" data-e-type=\"widget\" data-widget_type=\"fluent-form-widget.default\">\n\t\t\t\t<div class=\"elementor-widget-container\">\n\t\t\t\t\t\n            <div class=\"fluentform-widget-wrapper hide-placeholder fluentform-widget-custom-radio-checkbox fluentform-widget-align-default\">\n\n            \n            <div class='fluentform ff-default fluentform_wrapper_6 ffs_default_wrap'><form data-form_id=\"6\" id=\"fluentform_6\" class=\"frm-fluent-form fluent_form_6 ff-el-form-top ff_form_instance_6_1 ff-form-loading ffs_default\" data-form_instance=\"ff_form_instance_6_1\" method=\"POST\" ><fieldset  style=\"border: none!important;margin: 0!important;padding: 0!important;background-color: transparent!important;box-shadow: none!important;outline: none!important; min-inline-size: 100%;\">\n                    <legend class=\"ff_screen_reader_title\" style=\"display: block; margin: 0!important;padding: 0!important;height: 0!important;text-indent: -999999px;width: 0!important;overflow:hidden;\">Contact Alma Certif<\/legend><p style=\"display: none !important;\" class=\"akismet-fields-container\" data-prefix=\"ak_\"><label>&#916;<textarea name=\"ak_hp_textarea\" cols=\"45\" rows=\"8\" maxlength=\"100\"><\/textarea><\/label><input type=\"hidden\" id=\"ak_js_1\" name=\"ak_js\" value=\"107\"\/><script>document.getElementById( \"ak_js_1\" ).setAttribute( \"value\", ( new Date() ).getTime() );<\/script><\/p>        <div\n                style=\"display: none!important; position: absolute!important; transform: translateX(1000%)!important;\"\n                class=\"ff-el-group ff-hpsf-container\"\n        >\n            <div class=\"ff-el-input--label asterisk-right\">\n                <label for=\"ff_6_item_sf\" aria-label=\"Notify\">\n                    Notify                <\/label>\n            <\/div>\n            <div class=\"ff-el-input--content\">\n                <input type=\"text\"\n                       name=\"item_6__fluent_sf\"\n                       class=\"ff-el-form-control\"\n                       id=\"ff_6_item_sf\"\n                \/>\n            <\/div>\n        <\/div>\n                <input type=\"hidden\" id=\"__fluent_protection_token_6\" class=\"fluent-form-token-field\" name=\"__fluent_protection_token_6\">\n        <input type='hidden' name='__fluent_form_embded_post_id' value='21' \/><input type=\"hidden\" id=\"_fluentform_6_fluentformnonce\" name=\"_fluentform_6_fluentformnonce\" value=\"abc96187cf\" \/><input type=\"hidden\" name=\"_wp_http_referer\" value=\"\/preprod-almacertif\/wp-json\/wp\/v2\/pages\/21\" \/><div data-type=\"name-element\" data-name=\"names_1\" class=\" ff-field_container ff-name-field-wrapper\" ><div class='ff-t-container'><div class='ff-t-cell '><div class='ff-el-group ff-el-form-top'><div class=\"ff-el-input--label asterisk-right\"><label for='ff_6_names_1_first_name_' id='label_ff_6_names_1_first_name_' >Pr\u00e9nom<\/label><\/div><div class='ff-el-input--content'><input type=\"text\" name=\"names_1[first_name]\" id=\"ff_6_names_1_first_name_\" class=\"ff-el-form-control\" placeholder=\"Saisissez votre pr\u00e9nom\" tabindex=\"1\" aria-invalid=\"false\" aria-required=false><\/div><\/div><\/div><div class='ff-t-cell '><div class='ff-el-group ff-el-form-top'><div class=\"ff-el-input--label asterisk-right\"><label for='ff_6_names_1_last_name_' id='label_ff_6_names_1_last_name_' >Nom de famille<\/label><\/div><div class='ff-el-input--content'><input type=\"text\" name=\"names_1[last_name]\" id=\"ff_6_names_1_last_name_\" class=\"ff-el-form-control\" placeholder=\"Saisissez votre nom de famille\" tabindex=\"2\" aria-invalid=\"false\" aria-required=false><\/div><\/div><\/div><\/div><\/div><div class='ff-el-group'><div class=\"ff-el-input--label asterisk-right\"><label for='ff_6_input_text' id='label_ff_6_input_text' aria-label=\"Entreprise\">Entreprise<\/label><\/div><div class='ff-el-input--content'><input type=\"text\" name=\"input_text\" class=\"ff-el-form-control\" data-name=\"input_text\" tabindex=\"3\" id=\"ff_6_input_text\"  aria-invalid=\"false\" aria-required=false><\/div><\/div><div class='ff-el-group'><div class=\"ff-el-input--label ff-el-is-required asterisk-right\"><label for='ff_6_email_1' id='label_ff_6_email_1' aria-label=\"Email\">Email<\/label><\/div><div class='ff-el-input--content'><input type=\"email\" name=\"email_1\" id=\"ff_6_email_1\" class=\"ff-el-form-control\" data-name=\"email_1\" tabindex=\"4\"  aria-invalid=\"false\" aria-required=true><\/div><\/div><div class='ff-el-group'><div class=\"ff-el-input--label asterisk-right\"><label for='ff_6_multi_select' id='label_ff_6_multi_select' aria-label=\"Normes &amp; Labels\">Normes &amp; Labels<\/label><\/div><div class='ff-el-input--content'><select name=\"multi_select[]\" id=\"ff_6_multi_select\" class=\"ff-el-form-control  ff_has_multi_select\" multiple=\"1\" data-name=\"multi_select\" data-calc_value=\"0\" tabindex=\"5\"  aria-invalid=\"false\" aria-required=\"false\" aria-labelledby=\"label_ff_6_multi_select\"><option value=\"ISO 9001 - Management de la qualit\u00e9\"  >ISO 9001 - Management de la qualit\u00e9<\/option><option value=\"ISO 14001 - Management environnemental\"  >ISO 14001 - Management environnemental<\/option><option value=\"ISO 45001 - Sant\u00e9 et s\u00e9curit\u00e9 au travail\"  >ISO 45001 - Sant\u00e9 et s\u00e9curit\u00e9 au travail<\/option><option value=\"ISO 27001 - S\u00e9curit\u00e9 de l&#039;information\"  >ISO 27001 - S\u00e9curit\u00e9 de l'information<\/option><option value=\"Label RSE\"  >Label RSE<\/option><option value=\"Label RSE S\u00e9curit\u00e9 Priv\u00e9e\"  >Label RSE S\u00e9curit\u00e9 Priv\u00e9e<\/option><option value=\"Label Achats Responsables\"  >Label Achats Responsables<\/option><option value=\"Autre\"  >Autre<\/option><\/select><\/div><\/div><div class='ff-el-group'><div class=\"ff-el-input--label ff-el-is-required asterisk-right\"><label for='ff_6_message' id='label_ff_6_message' aria-label=\"Votre message\">Votre message<\/label><\/div><div class='ff-el-input--content'><textarea aria-required=\"true\" aria-labelledby=\"label_ff_6_message\" name=\"message\" id=\"ff_6_message\" class=\"ff-el-form-control\" rows=\"4\" cols=\"2\" data-name=\"message\" tabindex=\"6\" ><\/textarea><\/div><\/div><div class='ff-el-group  ff-custom_html mention-conf' tabindex='-1' data-name=\"custom_html-6_1\" ><p>En soumettant ce formulaire, vous acceptez d\u2019\u00eatre recontact\u00e9(e) par ALMA CERTIF au sujet de votre demande. Vos coordonn\u00e9es pourront \u00e9galement \u00eatre utilis\u00e9es pour vous adresser des informations li\u00e9es \u00e0 nos services. D\u00e9sinscription \u00e0 tout moment. <a href=\"https:\/\/imagimedia.fr\/preprod-almacertif\/politique-de-confidentialite\/\" target=\"_blank\" rel=\"noopener\">Voir notre politique de confidentialit\u00e9<\/a>.<\/p><\/div><div class='ff-el-group ff-text-left ff_submit_btn_wrapper'><button type=\"submit\" class=\"ff-btn ff-btn-submit ff-btn-md ff_btn_style\" tabindex=\"7\"  aria-label=\"Envoyer\">Envoyer<\/button><\/div><\/fieldset><\/form><div id='fluentform_6_errors' class='ff-errors-in-stack ff_form_instance_6_1 ff-form-loading_errors ff_form_instance_6_1_errors'><\/div><\/div>            <script type=\"text\/javascript\">\n                window.fluent_form_ff_form_instance_6_1 = {\"id\":\"6\",\"settings\":{\"layout\":{\"labelPlacement\":\"top\",\"asteriskPlacement\":\"asterisk-right\",\"helpMessagePlacement\":\"with_label\",\"errorMessagePlacement\":\"inline\",\"cssClassName\":\"\"},\"restrictions\":{\"denyEmptySubmission\":{\"enabled\":false}}},\"form_instance\":\"ff_form_instance_6_1\",\"form_id_selector\":\"fluentform_6\",\"rules\":{\"names_1[first_name]\":{\"required\":{\"value\":false,\"message\":\"Ce champ est obligatoire\",\"global_message\":\"Ce champ est obligatoire\",\"global\":true}},\"names_1[middle_name]\":{\"required\":{\"value\":false,\"message\":\"Ce champ est obligatoire\",\"global_message\":\"Ce champ est obligatoire\",\"global\":true}},\"names_1[last_name]\":{\"required\":{\"value\":false,\"message\":\"Ce champ est obligatoire\",\"global_message\":\"Ce champ est obligatoire\",\"global\":true}},\"input_text\":{\"required\":{\"value\":false,\"message\":\"Ce champ est obligatoire\",\"global_message\":\"Ce champ est obligatoire\",\"global\":true}},\"email_1\":{\"required\":{\"value\":true,\"message\":\"Ce champ est obligatoire\",\"global\":true,\"global_message\":\"Ce champ est obligatoire\"},\"email\":{\"value\":true,\"message\":\"Ce champ doit contenir un e-mail valide\",\"global\":true,\"global_message\":\"Ce champ doit contenir un e-mail valide\"}},\"multi_select\":{\"required\":{\"value\":false,\"message\":\"Ce champ est obligatoire\",\"global_message\":\"Ce champ est obligatoire\",\"global\":true}},\"message\":{\"required\":{\"value\":true,\"message\":\"Ce champ est obligatoire\",\"global\":true,\"global_message\":\"Ce champ est obligatoire\"}}},\"debounce_time\":300};\n                            <\/script>\n                        <\/div>\n\n            \t\t\t\t<\/div>\n\t\t\t\t<\/div>\n\t\t\t\t<\/div>\n\t\t\t\t<\/div>\n\t\t\t\t\t<\/div>\n\t\t\t\t<\/div>\n\t\t\t\t<\/div>\n\t\t","protected":false},"excerpt":{"rendered":"<p>Nous contacter ALMA CERTIF, faire savoir le savoir-faire. 131, boulevard P\u00e9reire &#8211; 75017 ParisT\u00e9l. : +33(0) 1 34 25 44 [&hellip;]<\/p>\n","protected":false},"author":4,"featured_media":0,"parent":0,"menu_order":0,"comment_status":"closed","ping_status":"closed","template":"","meta":{"_acf_changed":false,"site-sidebar-layout":"no-sidebar","site-content-layout":"","ast-site-content-layout":"full-width-container","site-content-style":"default","site-sidebar-style":"default","ast-global-header-display":"","ast-banner-title-visibility":"","ast-main-header-display":"","ast-hfb-above-header-display":"","ast-hfb-below-header-display":"","ast-hfb-mobile-header-display":"","site-post-title":"disabled","ast-breadcrumbs-content":"","ast-featured-img":"disabled","footer-sml-layout":"","ast-disable-related-posts":"","theme-transparent-header-meta":"","adv-header-id-meta":"","stick-header-meta":"","header-above-stick-meta":"","header-main-stick-meta":"","header-below-stick-meta":"","astra-migrate-meta-layouts":"default","ast-page-background-enabled":"default","ast-page-background-meta":{"desktop":{"background-color":"var(--ast-global-color-5)","background-image":"","background-repeat":"repeat","background-position":"center center","background-size":"auto","background-attachment":"scroll","background-type":"","background-media":"","overlay-type":"","overlay-color":"","overlay-opacity":"","overlay-gradient":""},"tablet":{"background-color":"","background-image":"","background-repeat":"repeat","background-position":"center center","background-size":"auto","background-attachment":"scroll","background-type":"","background-media":"","overlay-type":"","overlay-color":"","overlay-opacity":"","overlay-gradient":""},"mobile":{"background-color":"","background-image":"","background-repeat":"repeat","background-position":"center center","background-size":"auto","background-attachment":"scroll","background-type":"","background-media":"","overlay-type":"","overlay-color":"","overlay-opacity":"","overlay-gradient":""}},"ast-content-background-meta":{"desktop":{"background-color":"var(--ast-global-color-4)","background-image":"","background-repeat":"repeat","background-position":"center center","background-size":"auto","background-attachment":"scroll","background-type":"","background-media":"","overlay-type":"","overlay-color":"","overlay-opacity":"","overlay-gradient":""},"tablet":{"background-color":"var(--ast-global-color-4)","background-image":"","background-repeat":"repeat","background-position":"center center","background-size":"auto","background-attachment":"scroll","background-type":"","background-media":"","overlay-type":"","overlay-color":"","overlay-opacity":"","overlay-gradient":""},"mobile":{"background-color":"var(--ast-global-color-4)","background-image":"","background-repeat":"repeat","background-position":"center center","background-size":"auto","background-attachment":"scroll","background-type":"","background-media":"","overlay-type":"","overlay-color":"","overlay-opacity":"","overlay-gradient":""}},"footnotes":""},"class_list":["post-21","page","type-page","status-publish","hentry"],"acf":[],"yoast_head":"<!-- This site is optimized with the Yoast SEO plugin v27.3 - https:\/\/yoast.com\/product\/yoast-seo-wordpress\/ -->\n<title>Contact | ALMA CERTIF<\/title>\n<meta name=\"robots\" content=\"noindex, follow, max-snippet:-1, max-image-preview:large, max-video-preview:-1\" \/>\n<meta property=\"og:locale\" content=\"fr_FR\" \/>\n<meta property=\"og:type\" content=\"article\" \/>\n<meta property=\"og:title\" content=\"Contact | ALMA CERTIF\" \/>\n<meta property=\"og:description\" content=\"Nous contacter ALMA CERTIF, faire savoir le savoir-faire. 131, boulevard P\u00e9reire &#8211; 75017 ParisT\u00e9l. : +33(0) 1 34 25 44 [&hellip;]\" \/>\n<meta property=\"og:url\" content=\"https:\/\/imagimedia.fr\/preprod-almacertif\/contact\/\" \/>\n<meta property=\"og:site_name\" content=\"ALMA CERTIF\" \/>\n<meta property=\"article:modified_time\" content=\"2026-02-24T19:37:15+00:00\" \/>\n<meta property=\"og:image\" content=\"https:\/\/imagimedia.fr\/preprod-almacertif\/wp-content\/uploads\/2025\/07\/plan_locaux_alma_certif.jpg\" \/>\n<meta name=\"twitter:card\" content=\"summary_large_image\" \/>\n<meta name=\"twitter:label1\" content=\"Dur\u00e9e de lecture estim\u00e9e\" \/>\n\t<meta name=\"twitter:data1\" content=\"1 minute\" \/>\n<script type=\"application\/ld+json\" class=\"yoast-schema-graph\">{\"@context\":\"https:\\\/\\\/schema.org\",\"@graph\":[{\"@type\":\"WebPage\",\"@id\":\"https:\\\/\\\/imagimedia.fr\\\/preprod-almacertif\\\/contact\\\/\",\"url\":\"https:\\\/\\\/imagimedia.fr\\\/preprod-almacertif\\\/contact\\\/\",\"name\":\"Contact | ALMA CERTIF\",\"isPartOf\":{\"@id\":\"https:\\\/\\\/imagimedia.fr\\\/preprod-almacertif\\\/#website\"},\"primaryImageOfPage\":{\"@id\":\"https:\\\/\\\/imagimedia.fr\\\/preprod-almacertif\\\/contact\\\/#primaryimage\"},\"image\":{\"@id\":\"https:\\\/\\\/imagimedia.fr\\\/preprod-almacertif\\\/contact\\\/#primaryimage\"},\"thumbnailUrl\":\"https:\\\/\\\/imagimedia.fr\\\/preprod-almacertif\\\/wp-content\\\/uploads\\\/2025\\\/07\\\/plan_locaux_alma_certif.jpg\",\"datePublished\":\"2025-07-02T09:17:11+00:00\",\"dateModified\":\"2026-02-24T19:37:15+00:00\",\"breadcrumb\":{\"@id\":\"https:\\\/\\\/imagimedia.fr\\\/preprod-almacertif\\\/contact\\\/#breadcrumb\"},\"inLanguage\":\"fr-FR\",\"potentialAction\":[{\"@type\":\"ReadAction\",\"target\":[\"https:\\\/\\\/imagimedia.fr\\\/preprod-almacertif\\\/contact\\\/\"]}]},{\"@type\":\"ImageObject\",\"inLanguage\":\"fr-FR\",\"@id\":\"https:\\\/\\\/imagimedia.fr\\\/preprod-almacertif\\\/contact\\\/#primaryimage\",\"url\":\"https:\\\/\\\/imagimedia.fr\\\/preprod-almacertif\\\/wp-content\\\/uploads\\\/2025\\\/07\\\/plan_locaux_alma_certif.jpg\",\"contentUrl\":\"https:\\\/\\\/imagimedia.fr\\\/preprod-almacertif\\\/wp-content\\\/uploads\\\/2025\\\/07\\\/plan_locaux_alma_certif.jpg\",\"width\":660,\"height\":660},{\"@type\":\"BreadcrumbList\",\"@id\":\"https:\\\/\\\/imagimedia.fr\\\/preprod-almacertif\\\/contact\\\/#breadcrumb\",\"itemListElement\":[{\"@type\":\"ListItem\",\"position\":1,\"name\":\"Accueil\",\"item\":\"https:\\\/\\\/imagimedia.fr\\\/preprod-almacertif\\\/\"},{\"@type\":\"ListItem\",\"position\":2,\"name\":\"Contact\"}]},{\"@type\":\"WebSite\",\"@id\":\"https:\\\/\\\/imagimedia.fr\\\/preprod-almacertif\\\/#website\",\"url\":\"https:\\\/\\\/imagimedia.fr\\\/preprod-almacertif\\\/\",\"name\":\"ALMA CERTIF\",\"description\":\"Faire savoir le savoir-faire\",\"publisher\":{\"@id\":\"https:\\\/\\\/imagimedia.fr\\\/preprod-almacertif\\\/#organization\"},\"potentialAction\":[{\"@type\":\"SearchAction\",\"target\":{\"@type\":\"EntryPoint\",\"urlTemplate\":\"https:\\\/\\\/imagimedia.fr\\\/preprod-almacertif\\\/?s={search_term_string}\"},\"query-input\":{\"@type\":\"PropertyValueSpecification\",\"valueRequired\":true,\"valueName\":\"search_term_string\"}}],\"inLanguage\":\"fr-FR\"},{\"@type\":\"Organization\",\"@id\":\"https:\\\/\\\/imagimedia.fr\\\/preprod-almacertif\\\/#organization\",\"name\":\"ALMA CERTIF\",\"url\":\"https:\\\/\\\/imagimedia.fr\\\/preprod-almacertif\\\/\",\"logo\":{\"@type\":\"ImageObject\",\"inLanguage\":\"fr-FR\",\"@id\":\"https:\\\/\\\/imagimedia.fr\\\/preprod-almacertif\\\/#\\\/schema\\\/logo\\\/image\\\/\",\"url\":\"https:\\\/\\\/imagimedia.fr\\\/preprod-almacertif\\\/wp-content\\\/uploads\\\/2025\\\/07\\\/cropped-LOGO-ALMA-CERTIF-2021_v2-1.png\",\"contentUrl\":\"https:\\\/\\\/imagimedia.fr\\\/preprod-almacertif\\\/wp-content\\\/uploads\\\/2025\\\/07\\\/cropped-LOGO-ALMA-CERTIF-2021_v2-1.png\",\"width\":2469,\"height\":865,\"caption\":\"ALMA CERTIF\"},\"image\":{\"@id\":\"https:\\\/\\\/imagimedia.fr\\\/preprod-almacertif\\\/#\\\/schema\\\/logo\\\/image\\\/\"},\"sameAs\":[\"https:\\\/\\\/www.linkedin.com\\\/company\\\/agence-francaise-alma-certification\\\/\"]}]}<\/script>\n<!-- \/ Yoast SEO plugin. -->","yoast_head_json":{"title":"Contact | ALMA CERTIF","robots":{"index":"noindex","follow":"follow","max-snippet":"max-snippet:-1","max-image-preview":"max-image-preview:large","max-video-preview":"max-video-preview:-1"},"og_locale":"fr_FR","og_type":"article","og_title":"Contact | ALMA CERTIF","og_description":"Nous contacter ALMA CERTIF, faire savoir le savoir-faire. 131, boulevard P\u00e9reire &#8211; 75017 ParisT\u00e9l. : +33(0) 1 34 25 44 [&hellip;]","og_url":"https:\/\/imagimedia.fr\/preprod-almacertif\/contact\/","og_site_name":"ALMA CERTIF","article_modified_time":"2026-02-24T19:37:15+00:00","og_image":[{"url":"https:\/\/imagimedia.fr\/preprod-almacertif\/wp-content\/uploads\/2025\/07\/plan_locaux_alma_certif.jpg","type":"","width":"","height":""}],"twitter_card":"summary_large_image","twitter_misc":{"Dur\u00e9e de lecture estim\u00e9e":"1 minute"},"schema":{"@context":"https:\/\/schema.org","@graph":[{"@type":"WebPage","@id":"https:\/\/imagimedia.fr\/preprod-almacertif\/contact\/","url":"https:\/\/imagimedia.fr\/preprod-almacertif\/contact\/","name":"Contact | ALMA CERTIF","isPartOf":{"@id":"https:\/\/imagimedia.fr\/preprod-almacertif\/#website"},"primaryImageOfPage":{"@id":"https:\/\/imagimedia.fr\/preprod-almacertif\/contact\/#primaryimage"},"image":{"@id":"https:\/\/imagimedia.fr\/preprod-almacertif\/contact\/#primaryimage"},"thumbnailUrl":"https:\/\/imagimedia.fr\/preprod-almacertif\/wp-content\/uploads\/2025\/07\/plan_locaux_alma_certif.jpg","datePublished":"2025-07-02T09:17:11+00:00","dateModified":"2026-02-24T19:37:15+00:00","breadcrumb":{"@id":"https:\/\/imagimedia.fr\/preprod-almacertif\/contact\/#breadcrumb"},"inLanguage":"fr-FR","potentialAction":[{"@type":"ReadAction","target":["https:\/\/imagimedia.fr\/preprod-almacertif\/contact\/"]}]},{"@type":"ImageObject","inLanguage":"fr-FR","@id":"https:\/\/imagimedia.fr\/preprod-almacertif\/contact\/#primaryimage","url":"https:\/\/imagimedia.fr\/preprod-almacertif\/wp-content\/uploads\/2025\/07\/plan_locaux_alma_certif.jpg","contentUrl":"https:\/\/imagimedia.fr\/preprod-almacertif\/wp-content\/uploads\/2025\/07\/plan_locaux_alma_certif.jpg","width":660,"height":660},{"@type":"BreadcrumbList","@id":"https:\/\/imagimedia.fr\/preprod-almacertif\/contact\/#breadcrumb","itemListElement":[{"@type":"ListItem","position":1,"name":"Accueil","item":"https:\/\/imagimedia.fr\/preprod-almacertif\/"},{"@type":"ListItem","position":2,"name":"Contact"}]},{"@type":"WebSite","@id":"https:\/\/imagimedia.fr\/preprod-almacertif\/#website","url":"https:\/\/imagimedia.fr\/preprod-almacertif\/","name":"ALMA CERTIF","description":"Faire savoir le savoir-faire","publisher":{"@id":"https:\/\/imagimedia.fr\/preprod-almacertif\/#organization"},"potentialAction":[{"@type":"SearchAction","target":{"@type":"EntryPoint","urlTemplate":"https:\/\/imagimedia.fr\/preprod-almacertif\/?s={search_term_string}"},"query-input":{"@type":"PropertyValueSpecification","valueRequired":true,"valueName":"search_term_string"}}],"inLanguage":"fr-FR"},{"@type":"Organization","@id":"https:\/\/imagimedia.fr\/preprod-almacertif\/#organization","name":"ALMA CERTIF","url":"https:\/\/imagimedia.fr\/preprod-almacertif\/","logo":{"@type":"ImageObject","inLanguage":"fr-FR","@id":"https:\/\/imagimedia.fr\/preprod-almacertif\/#\/schema\/logo\/image\/","url":"https:\/\/imagimedia.fr\/preprod-almacertif\/wp-content\/uploads\/2025\/07\/cropped-LOGO-ALMA-CERTIF-2021_v2-1.png","contentUrl":"https:\/\/imagimedia.fr\/preprod-almacertif\/wp-content\/uploads\/2025\/07\/cropped-LOGO-ALMA-CERTIF-2021_v2-1.png","width":2469,"height":865,"caption":"ALMA CERTIF"},"image":{"@id":"https:\/\/imagimedia.fr\/preprod-almacertif\/#\/schema\/logo\/image\/"},"sameAs":["https:\/\/www.linkedin.com\/company\/agence-francaise-alma-certification\/"]}]}},"_links":{"self":[{"href":"https:\/\/imagimedia.fr\/preprod-almacertif\/wp-json\/wp\/v2\/pages\/21","targetHints":{"allow":["GET"]}}],"collection":[{"href":"https:\/\/imagimedia.fr\/preprod-almacertif\/wp-json\/wp\/v2\/pages"}],"about":[{"href":"https:\/\/imagimedia.fr\/preprod-almacertif\/wp-json\/wp\/v2\/types\/page"}],"author":[{"embeddable":true,"href":"https:\/\/imagimedia.fr\/preprod-almacertif\/wp-json\/wp\/v2\/users\/4"}],"replies":[{"embeddable":true,"href":"https:\/\/imagimedia.fr\/preprod-almacertif\/wp-json\/wp\/v2\/comments?post=21"}],"version-history":[{"count":134,"href":"https:\/\/imagimedia.fr\/preprod-almacertif\/wp-json\/wp\/v2\/pages\/21\/revisions"}],"predecessor-version":[{"id":5934,"href":"https:\/\/imagimedia.fr\/preprod-almacertif\/wp-json\/wp\/v2\/pages\/21\/revisions\/5934"}],"wp:attachment":[{"href":"https:\/\/imagimedia.fr\/preprod-almacertif\/wp-json\/wp\/v2\/media?parent=21"}],"curies":[{"name":"wp","href":"https:\/\/api.w.org\/{rel}","templated":true}]}}