{"id":3085,"date":"2025-05-15T05:07:30","date_gmt":"2025-05-15T05:07:30","guid":{"rendered":"https:\/\/imagimedia.fr\/preprod-nps\/?page_id=3085"},"modified":"2025-06-20T06:05:05","modified_gmt":"2025-06-20T06:05:05","slug":"nous-contacter","status":"publish","type":"page","link":"https:\/\/imagimedia.fr\/preprod-nps\/nous-contacter\/","title":{"rendered":"Nous Contacter"},"content":{"rendered":"\n<div class=\"wp-block-uagb-container uagb-layout-grid uagb-block-861c71f8 alignfull uagb-is-root-container\"><div class=\"uagb-container-inner-blocks-wrap\">\n<div data-aos= \"fade-down\" data-aos-duration=\"400\" data-aos-delay=\"0\" data-aos-easing=\"ease\" data-aos-once=\"true\" class=\"wp-block-uagb-advanced-heading uagb-block-269a3267\"><h1 class=\"uagb-heading-text\">Nous contacter<\/h1><\/div>\n\n\n\n<div data-aos= \"fade-up\" data-aos-duration=\"400\" data-aos-delay=\"0\" data-aos-easing=\"ease\" data-aos-once=\"true\" class=\"wp-block-uagb-image uagb-block-cc953da3 wp-block-uagb-image--layout-default wp-block-uagb-image--effect-static wp-block-uagb-image--align-none uag-blocks-common-selector\" style=\"--z-index-desktop:1;;--z-index-tablet:1;;--z-index-mobile:undefined;\"><figure class=\"wp-block-uagb-image__figure\"><img decoding=\"async\" srcset=\"https:\/\/imagimedia.fr\/preprod-nps\/wp-content\/uploads\/2025\/06\/presentation-etude-securite.jpg ,https:\/\/imagimedia.fr\/preprod-nps\/wp-content\/uploads\/2025\/06\/presentation-etude-securite.jpg 780w, https:\/\/imagimedia.fr\/preprod-nps\/wp-content\/uploads\/2025\/06\/presentation-etude-securite.jpg 360w\" sizes=\"auto, (max-width: 480px) 150px\" src=\"https:\/\/imagimedia.fr\/preprod-nps\/wp-content\/uploads\/2025\/06\/presentation-etude-securite.jpg\" alt=\"presentation etude securite\" class=\"uag-image-4101\" width=\"800\" height=\"500\" title=\"\" loading=\"lazy\" role=\"img\"\/><\/figure><\/div>\n<\/div><\/div>\n\n\n\n<div class=\"wp-block-uagb-container uagb-block-7d9abad7 alignfull uagb-is-root-container\"><div class=\"uagb-container-inner-blocks-wrap\">\n<div data-aos= \"fade-down\" data-aos-duration=\"400\" data-aos-delay=\"0\" data-aos-easing=\"ease\" data-aos-once=\"true\" class=\"wp-block-uagb-container uagb-block-6677bd92\">\n<div class=\"wp-block-uagb-advanced-heading uagb-block-02e782d1\"><h2 class=\"uagb-heading-text\">Nos bureaux<\/h2><\/div>\n\n\n\n<div class=\"wp-block-uagb-separator uagb-block-44896bff\"><div class=\"uagb-separator-spacing-wrapper\"><div class=\"wp-block-uagb-separator__inner\" style=\"--my-background-image:\"><\/div><\/div><\/div>\n\n\n\n<div data-aos= \"fade\" data-aos-duration=\"400\" data-aos-delay=\"0\" data-aos-easing=\"ease\" data-aos-once=\"true\" class=\"wp-block-uagb-info-box uagb-block-69e924c0 uagb-infobox__content-wrap  uagb-infobox-icon-above-title uagb-infobox-image-valign-top wp-block-uagb-info-box--has-margin\"><div class=\"uagb-infobox-margin-wrapper\"><div class=\"uagb-ifb-content\"><div class=\"uagb-ifb-title-wrap\"><p class=\"uagb-ifb-title\">Chez NPS, chaque demande est trait\u00e9e avec attention par un interlocuteur d\u00e9di\u00e9. Contactez-nous par t\u00e9l\u00e9phone, email ou venez nous rencontrer !<\/p><\/div><\/div><\/div><\/div>\n\n\n\n<div class=\"wp-block-uagb-container uagb-block-17e75711\">\n<p style=\"margin-top:0;margin-bottom:0;padding-top:0;padding-bottom:0;font-size:30px;font-style:normal;font-weight:600;line-height:1\">New Protect Service<\/p>\n\n\n\n<p style=\"margin-top:0;margin-bottom:var(--wp--preset--spacing--20);padding-top:0;padding-bottom:0;font-size:14px\">Groupe PETER KLEEN<\/p>\n\n\n\n<div class=\"wp-block-uagb-icon-list uagb-block-677a0038 coordcont\"><div class=\"uagb-icon-list__wrap\">\n<div class=\"wp-block-uagb-icon-list-child uagb-block-26d8c08d\"><span class=\"uagb-icon-list__source-wrap\"><svg xmlns=\"https:\/\/www.w3.org\/2000\/svg\" viewBox=\"0 0 384 512\"><path d=\"M384 192C384 279.4 267 435 215.7 499.2C203.4 514.5 180.6 514.5 168.3 499.2C116.1 435 0 279.4 0 192C0 85.96 85.96 0 192 0C298 0 384 85.96 384 192H384z\"><\/path><\/svg><\/span><span class=\"uagb-icon-list__label\">8, place Henri d&rsquo;Astier<br>94220 Charenton-le-Pont<\/span><\/div>\n\n\n\n<div class=\"wp-block-uagb-icon-list-child uagb-block-629e163e listel\"><span class=\"uagb-icon-list__source-wrap\"><svg xmlns=\"https:\/\/www.w3.org\/2000\/svg\" viewBox=\"0 0 512 512\"><path d=\"M511.2 387l-23.25 100.8c-3.266 14.25-15.79 24.22-30.46 24.22C205.2 512 0 306.8 0 54.5c0-14.66 9.969-27.2 24.22-30.45l100.8-23.25C139.7-2.602 154.7 5.018 160.8 18.92l46.52 108.5c5.438 12.78 1.77 27.67-8.98 36.45L144.5 207.1c33.98 69.22 90.26 125.5 159.5 159.5l44.08-53.8c8.688-10.78 23.69-14.51 36.47-8.975l108.5 46.51C506.1 357.2 514.6 372.4 511.2 387z\"><\/path><\/svg><\/span><span class=\"uagb-icon-list__label\">Accueil t\u00e9l\u00e9phonique<br><strong>09 83 88 92 63<\/strong><br>Lundi au Vendredi &#8211; 9:00-12:30 et 13:30-18:00<\/span><\/div>\n\n\n\n<div class=\"wp-block-uagb-icon-list-child uagb-block-0483ec4b listel permanence\"><span class=\"uagb-icon-list__source-wrap\"><svg xmlns=\"https:\/\/www.w3.org\/2000\/svg\" viewBox=\"0 0 512 512\"><path d=\"M511.2 387l-23.25 100.8c-3.266 14.25-15.79 24.22-30.46 24.22C205.2 512 0 306.8 0 54.5c0-14.66 9.969-27.2 24.22-30.45l100.8-23.25C139.7-2.602 154.7 5.018 160.8 18.92l46.52 108.5c5.438 12.78 1.77 27.67-8.98 36.45L144.5 207.1c33.98 69.22 90.26 125.5 159.5 159.5l44.08-53.8c8.688-10.78 23.69-14.51 36.47-8.975l108.5 46.51C506.1 357.2 514.6 372.4 511.2 387z\"><\/path><\/svg><\/span><span class=\"uagb-icon-list__label\">Permanence<br><strong>01 70 95 09 00<\/strong><br>24h\/24 \u2013 7j\/7<\/span><\/div>\n\n\n\n<div class=\"wp-block-uagb-icon-list-child uagb-block-17b90b57\"><a target=\"_self\" aria-label=\"Nous \u00e9crire\" rel=\"noopener noreferrer\" href=\"mailto:contact@newprotect.fr\"> <\/a><span class=\"uagb-icon-list__source-wrap\"><svg xmlns=\"https:\/\/www.w3.org\/2000\/svg\" viewBox=\"0 0 512 512\"><path d=\"M464 64C490.5 64 512 85.49 512 112C512 127.1 504.9 141.3 492.8 150.4L275.2 313.6C263.8 322.1 248.2 322.1 236.8 313.6L19.2 150.4C7.113 141.3 0 127.1 0 112C0 85.49 21.49 64 48 64H464zM217.6 339.2C240.4 356.3 271.6 356.3 294.4 339.2L512 176V384C512 419.3 483.3 448 448 448H64C28.65 448 0 419.3 0 384V176L217.6 339.2z\"><\/path><\/svg><\/span><span class=\"uagb-icon-list__label\">Nous \u00e9crire<\/span><\/div>\n<\/div><\/div>\n<\/div>\n\n\n\n<div class=\"wp-block-uagb-separator uagb-block-f9d8631f\"><div class=\"uagb-separator-spacing-wrapper\"><div class=\"wp-block-uagb-separator__inner\" style=\"--my-background-image:\"><\/div><\/div><\/div>\n\n\n\n<div data-aos= \"fade\" data-aos-duration=\"400\" data-aos-delay=\"0\" data-aos-easing=\"ease\" data-aos-once=\"true\" class=\"wp-block-uagb-info-box uagb-block-b1c68315 uagb-infobox__content-wrap  uagb-infobox-icon-above-title uagb-infobox-image-valign-top wp-block-uagb-info-box--has-margin\"><div class=\"uagb-infobox-margin-wrapper\"><div class=\"uagb-ifb-content\"><div class=\"uagb-ifb-title-wrap\"><p class=\"uagb-ifb-title\">Pour une demande chiffr\u00e9e ou un projet sp\u00e9cifique, utilisez notre formulaire d\u00e9di\u00e9 via le bouton ci-dessous.<\/p><\/div><\/div><\/div><\/div>\n\n\n\n<div class=\"wp-block-buttons is-content-justification-center is-layout-flex wp-container-core-buttons-is-layout-a89b3969 wp-block-buttons-is-layout-flex\">\n<div class=\"wp-block-button\"><a class=\"wp-block-button__link has-text-align-center wp-element-button\" href=\"https:\/\/imagimedia.fr\/preprod-nps\/demande-de-devis\/\">demander un devis<\/a><\/div>\n<\/div>\n\n\n\n<div class=\"wp-block-uagb-separator uagb-block-8aa78b76\"><div class=\"uagb-separator-spacing-wrapper\"><div class=\"wp-block-uagb-separator__inner\" style=\"--my-background-image:\"><\/div><\/div><\/div>\n\n\n\n<div class=\"wp-block-uagb-icon-list uagb-block-95a89200 coordcont\"><div class=\"uagb-icon-list__wrap\">\n<div class=\"wp-block-uagb-icon-list-child uagb-block-46fb8f53\"><span class=\"uagb-icon-list__source-wrap\"><svg xmlns=\"https:\/\/www.w3.org\/2000\/svg\" viewBox=\"0 0 448 512\"><path d=\"M182.6 246.6C170.1 259.1 149.9 259.1 137.4 246.6L57.37 166.6C44.88 154.1 44.88 133.9 57.37 121.4C69.87 108.9 90.13 108.9 102.6 121.4L159.1 178.7L297.4 41.37C309.9 28.88 330.1 28.88 342.6 41.37C355.1 53.87 355.1 74.13 342.6 86.63L182.6 246.6zM182.6 470.6C170.1 483.1 149.9 483.1 137.4 470.6L9.372 342.6C-3.124 330.1-3.124 309.9 9.372 297.4C21.87 284.9 42.13 284.9 54.63 297.4L159.1 402.7L393.4 169.4C405.9 156.9 426.1 156.9 438.6 169.4C451.1 181.9 451.1 202.1 438.6 214.6L182.6 470.6z\"><\/path><\/svg><\/span><span class=\"uagb-icon-list__label\">Autorisation CNAPS : 094-2120-10-12-20210527598<\/span><\/div>\n<\/div><\/div>\n\n\n\n<p style=\"margin-bottom:var(--wp--preset--spacing--80)\">L\u2019autorisation d\u2019exercice ne conf\u00e8re aucune pr\u00e9rogative de puissance publique \u00e0 l\u2019entreprise ou aux personnes qui en b\u00e9n\u00e9ficient.<\/p>\n<\/div>\n\n\n\n<div data-aos= \"fade-up\" data-aos-duration=\"400\" data-aos-delay=\"0\" data-aos-easing=\"ease\" data-aos-once=\"true\" class=\"wp-block-uagb-container uagb-block-bbf3f4c2\">\t\t\t<div \n\t\t\tclass=\"wp-block-uagb-google-map uagb-google-map__wrap uagb-block-52c23ae0    uag-blocks-common-selector \"\n\t\t\tstyle=\"--z-index-desktop:10;\" >\n\t\t\t\t<embed\n\t\t\t\t\tclass=\"uagb-google-map__iframe\"\n\t\t\t\t\ttitle=\"Carte Google pour \"\n\t\t\t\t\tsrc=\"https:\/\/maps.google.com\/maps?q=New%20Protect%20Service&#038;z=15&#038;hl=fr&#038;t=m&#038;output=embed&#038;iwloc=near\"\n\t\t\t\t\twidth=\"640\"\n\t\t\t\t\theight=\"800\"\n\t\t\t\t\tloading=\"lazy\"\n\t\t\t\t><\/embed>\n\t\t\t<\/div>\n\t\t\t<\/div>\n<\/div><\/div>\n\n\n\n<p><\/p>\n","protected":false},"excerpt":{"rendered":"<p>Nous contacter Nos bureaux New Protect Service Groupe PETER KLEEN L\u2019autorisation d\u2019exercice ne conf\u00e8re aucune pr\u00e9rogative de puissance publique \u00e0 [&hellip;]<\/p>\n","protected":false},"author":4,"featured_media":0,"parent":0,"menu_order":0,"comment_status":"closed","ping_status":"closed","template":"","meta":{"_uag_custom_page_level_css":"","site-sidebar-layout":"default","site-content-layout":"","ast-site-content-layout":"","site-content-style":"default","site-sidebar-style":"default","ast-global-header-display":"","ast-banner-title-visibility":"","ast-main-header-display":"","ast-hfb-above-header-display":"","ast-hfb-below-header-display":"","ast-hfb-mobile-header-display":"","site-post-title":"disabled","ast-breadcrumbs-content":"","ast-featured-img":"","footer-sml-layout":"","ast-disable-related-posts":"","theme-transparent-header-meta":"","adv-header-id-meta":"","stick-header-meta":"","header-above-stick-meta":"","header-main-stick-meta":"","header-below-stick-meta":"","astra-migrate-meta-layouts":"default","ast-page-background-enabled":"default","ast-page-background-meta":{"desktop":{"background-color":"var(--ast-global-color-4)","background-image":"","background-repeat":"repeat","background-position":"center center","background-size":"auto","background-attachment":"scroll","background-type":"","background-media":"","overlay-type":"","overlay-color":"","overlay-opacity":"","overlay-gradient":""},"tablet":{"background-color":"","background-image":"","background-repeat":"repeat","background-position":"center center","background-size":"auto","background-attachment":"scroll","background-type":"","background-media":"","overlay-type":"","overlay-color":"","overlay-opacity":"","overlay-gradient":""},"mobile":{"background-color":"","background-image":"","background-repeat":"repeat","background-position":"center center","background-size":"auto","background-attachment":"scroll","background-type":"","background-media":"","overlay-type":"","overlay-color":"","overlay-opacity":"","overlay-gradient":""}},"ast-content-background-meta":{"desktop":{"background-color":"var(--ast-global-color-5)","background-image":"","background-repeat":"repeat","background-position":"center center","background-size":"auto","background-attachment":"scroll","background-type":"","background-media":"","overlay-type":"","overlay-color":"","overlay-opacity":"","overlay-gradient":""},"tablet":{"background-color":"var(--ast-global-color-5)","background-image":"","background-repeat":"repeat","background-position":"center center","background-size":"auto","background-attachment":"scroll","background-type":"","background-media":"","overlay-type":"","overlay-color":"","overlay-opacity":"","overlay-gradient":""},"mobile":{"background-color":"var(--ast-global-color-5)","background-image":"","background-repeat":"repeat","background-position":"center center","background-size":"auto","background-attachment":"scroll","background-type":"","background-media":"","overlay-type":"","overlay-color":"","overlay-opacity":"","overlay-gradient":""}},"footnotes":""},"class_list":["post-3085","page","type-page","status-publish","hentry"],"yoast_head":"<!-- This site is optimized with the Yoast SEO plugin v27.4 - https:\/\/yoast.com\/product\/yoast-seo-wordpress\/ -->\n<title>Nous Contacter - New Protect Service<\/title>\n<meta name=\"description\" content=\"Contactez NPS pour toute demande en s\u00e9curit\u00e9 priv\u00e9e. Notre \u00e9quipe vous r\u00e9pond rapidement avec \u00e9coute, pr\u00e9cision et engagement.\" \/>\n<meta name=\"robots\" content=\"noindex, follow, max-snippet:-1, max-image-preview:large, max-video-preview:-1\" \/>\n<meta property=\"og:locale\" content=\"fr_FR\" \/>\n<meta property=\"og:type\" content=\"article\" \/>\n<meta property=\"og:title\" content=\"Nous Contacter - New Protect Service\" \/>\n<meta property=\"og:description\" content=\"Contactez NPS pour toute demande en s\u00e9curit\u00e9 priv\u00e9e. Notre \u00e9quipe vous r\u00e9pond rapidement avec \u00e9coute, pr\u00e9cision et engagement.\" \/>\n<meta property=\"og:url\" content=\"https:\/\/imagimedia.fr\/preprod-nps\/nous-contacter\/\" \/>\n<meta property=\"og:site_name\" content=\"New Protect Service\" \/>\n<meta property=\"article:modified_time\" content=\"2025-06-20T06:05:05+00:00\" \/>\n<meta property=\"og:image\" content=\"https:\/\/imagimedia.fr\/preprod-nps\/wp-content\/uploads\/2025\/06\/presentation-etude-securite.jpg\" \/>\n<meta name=\"twitter:card\" content=\"summary_large_image\" \/>\n<meta name=\"twitter:label1\" content=\"Dur\u00e9e de lecture estim\u00e9e\" \/>\n\t<meta name=\"twitter:data1\" content=\"1 minute\" \/>\n<script type=\"application\/ld+json\" class=\"yoast-schema-graph\">{\"@context\":\"https:\\\/\\\/schema.org\",\"@graph\":[{\"@type\":\"WebPage\",\"@id\":\"https:\\\/\\\/imagimedia.fr\\\/preprod-nps\\\/nous-contacter\\\/\",\"url\":\"https:\\\/\\\/imagimedia.fr\\\/preprod-nps\\\/nous-contacter\\\/\",\"name\":\"Nous Contacter - New Protect Service\",\"isPartOf\":{\"@id\":\"https:\\\/\\\/imagimedia.fr\\\/preprod-nps\\\/#website\"},\"primaryImageOfPage\":{\"@id\":\"https:\\\/\\\/imagimedia.fr\\\/preprod-nps\\\/nous-contacter\\\/#primaryimage\"},\"image\":{\"@id\":\"https:\\\/\\\/imagimedia.fr\\\/preprod-nps\\\/nous-contacter\\\/#primaryimage\"},\"thumbnailUrl\":\"https:\\\/\\\/imagimedia.fr\\\/preprod-nps\\\/wp-content\\\/uploads\\\/2025\\\/06\\\/presentation-etude-securite.jpg\",\"datePublished\":\"2025-05-15T05:07:30+00:00\",\"dateModified\":\"2025-06-20T06:05:05+00:00\",\"description\":\"Contactez NPS pour toute demande en s\u00e9curit\u00e9 priv\u00e9e. Notre \u00e9quipe vous r\u00e9pond rapidement avec \u00e9coute, pr\u00e9cision et engagement.\",\"breadcrumb\":{\"@id\":\"https:\\\/\\\/imagimedia.fr\\\/preprod-nps\\\/nous-contacter\\\/#breadcrumb\"},\"inLanguage\":\"fr-FR\",\"potentialAction\":[{\"@type\":\"ReadAction\",\"target\":[\"https:\\\/\\\/imagimedia.fr\\\/preprod-nps\\\/nous-contacter\\\/\"]}]},{\"@type\":\"ImageObject\",\"inLanguage\":\"fr-FR\",\"@id\":\"https:\\\/\\\/imagimedia.fr\\\/preprod-nps\\\/nous-contacter\\\/#primaryimage\",\"url\":\"https:\\\/\\\/imagimedia.fr\\\/preprod-nps\\\/wp-content\\\/uploads\\\/2025\\\/06\\\/presentation-etude-securite.jpg\",\"contentUrl\":\"https:\\\/\\\/imagimedia.fr\\\/preprod-nps\\\/wp-content\\\/uploads\\\/2025\\\/06\\\/presentation-etude-securite.jpg\",\"width\":800,\"height\":574},{\"@type\":\"BreadcrumbList\",\"@id\":\"https:\\\/\\\/imagimedia.fr\\\/preprod-nps\\\/nous-contacter\\\/#breadcrumb\",\"itemListElement\":[{\"@type\":\"ListItem\",\"position\":1,\"name\":\"Accueil\",\"item\":\"https:\\\/\\\/imagimedia.fr\\\/preprod-nps\\\/\"},{\"@type\":\"ListItem\",\"position\":2,\"name\":\"Nous Contacter\"}]},{\"@type\":\"WebSite\",\"@id\":\"https:\\\/\\\/imagimedia.fr\\\/preprod-nps\\\/#website\",\"url\":\"https:\\\/\\\/imagimedia.fr\\\/preprod-nps\\\/\",\"name\":\"New Protect Service\",\"description\":\"La s\u00e9curit\u00e9, vraiment humaine.\",\"publisher\":{\"@id\":\"https:\\\/\\\/imagimedia.fr\\\/preprod-nps\\\/#organization\"},\"potentialAction\":[{\"@type\":\"SearchAction\",\"target\":{\"@type\":\"EntryPoint\",\"urlTemplate\":\"https:\\\/\\\/imagimedia.fr\\\/preprod-nps\\\/?s={search_term_string}\"},\"query-input\":{\"@type\":\"PropertyValueSpecification\",\"valueRequired\":true,\"valueName\":\"search_term_string\"}}],\"inLanguage\":\"fr-FR\"},{\"@type\":\"Organization\",\"@id\":\"https:\\\/\\\/imagimedia.fr\\\/preprod-nps\\\/#organization\",\"name\":\"New Protect Service\",\"url\":\"https:\\\/\\\/imagimedia.fr\\\/preprod-nps\\\/\",\"logo\":{\"@type\":\"ImageObject\",\"inLanguage\":\"fr-FR\",\"@id\":\"https:\\\/\\\/imagimedia.fr\\\/preprod-nps\\\/#\\\/schema\\\/logo\\\/image\\\/\",\"url\":\"https:\\\/\\\/imagimedia.fr\\\/preprod-nps\\\/wp-content\\\/uploads\\\/2025\\\/03\\\/cropped-LOGO_NPS-lettres-Blc.png\",\"contentUrl\":\"https:\\\/\\\/imagimedia.fr\\\/preprod-nps\\\/wp-content\\\/uploads\\\/2025\\\/03\\\/cropped-LOGO_NPS-lettres-Blc.png\",\"width\":350,\"height\":434,\"caption\":\"New Protect Service\"},\"image\":{\"@id\":\"https:\\\/\\\/imagimedia.fr\\\/preprod-nps\\\/#\\\/schema\\\/logo\\\/image\\\/\"}}]}<\/script>\n<!-- \/ Yoast SEO plugin. -->","yoast_head_json":{"title":"Nous Contacter - New Protect Service","description":"Contactez NPS pour toute demande en s\u00e9curit\u00e9 priv\u00e9e. Notre \u00e9quipe vous r\u00e9pond rapidement avec \u00e9coute, pr\u00e9cision et engagement.","robots":{"index":"noindex","follow":"follow","max-snippet":"max-snippet:-1","max-image-preview":"max-image-preview:large","max-video-preview":"max-video-preview:-1"},"og_locale":"fr_FR","og_type":"article","og_title":"Nous Contacter - New Protect Service","og_description":"Contactez NPS pour toute demande en s\u00e9curit\u00e9 priv\u00e9e. Notre \u00e9quipe vous r\u00e9pond rapidement avec \u00e9coute, pr\u00e9cision et engagement.","og_url":"https:\/\/imagimedia.fr\/preprod-nps\/nous-contacter\/","og_site_name":"New Protect Service","article_modified_time":"2025-06-20T06:05:05+00:00","og_image":[{"url":"https:\/\/imagimedia.fr\/preprod-nps\/wp-content\/uploads\/2025\/06\/presentation-etude-securite.jpg","type":"","width":"","height":""}],"twitter_card":"summary_large_image","twitter_misc":{"Dur\u00e9e de lecture estim\u00e9e":"1 minute"},"schema":{"@context":"https:\/\/schema.org","@graph":[{"@type":"WebPage","@id":"https:\/\/imagimedia.fr\/preprod-nps\/nous-contacter\/","url":"https:\/\/imagimedia.fr\/preprod-nps\/nous-contacter\/","name":"Nous Contacter - New Protect Service","isPartOf":{"@id":"https:\/\/imagimedia.fr\/preprod-nps\/#website"},"primaryImageOfPage":{"@id":"https:\/\/imagimedia.fr\/preprod-nps\/nous-contacter\/#primaryimage"},"image":{"@id":"https:\/\/imagimedia.fr\/preprod-nps\/nous-contacter\/#primaryimage"},"thumbnailUrl":"https:\/\/imagimedia.fr\/preprod-nps\/wp-content\/uploads\/2025\/06\/presentation-etude-securite.jpg","datePublished":"2025-05-15T05:07:30+00:00","dateModified":"2025-06-20T06:05:05+00:00","description":"Contactez NPS pour toute demande en s\u00e9curit\u00e9 priv\u00e9e. Notre \u00e9quipe vous r\u00e9pond rapidement avec \u00e9coute, pr\u00e9cision et engagement.","breadcrumb":{"@id":"https:\/\/imagimedia.fr\/preprod-nps\/nous-contacter\/#breadcrumb"},"inLanguage":"fr-FR","potentialAction":[{"@type":"ReadAction","target":["https:\/\/imagimedia.fr\/preprod-nps\/nous-contacter\/"]}]},{"@type":"ImageObject","inLanguage":"fr-FR","@id":"https:\/\/imagimedia.fr\/preprod-nps\/nous-contacter\/#primaryimage","url":"https:\/\/imagimedia.fr\/preprod-nps\/wp-content\/uploads\/2025\/06\/presentation-etude-securite.jpg","contentUrl":"https:\/\/imagimedia.fr\/preprod-nps\/wp-content\/uploads\/2025\/06\/presentation-etude-securite.jpg","width":800,"height":574},{"@type":"BreadcrumbList","@id":"https:\/\/imagimedia.fr\/preprod-nps\/nous-contacter\/#breadcrumb","itemListElement":[{"@type":"ListItem","position":1,"name":"Accueil","item":"https:\/\/imagimedia.fr\/preprod-nps\/"},{"@type":"ListItem","position":2,"name":"Nous Contacter"}]},{"@type":"WebSite","@id":"https:\/\/imagimedia.fr\/preprod-nps\/#website","url":"https:\/\/imagimedia.fr\/preprod-nps\/","name":"New Protect Service","description":"La s\u00e9curit\u00e9, vraiment humaine.","publisher":{"@id":"https:\/\/imagimedia.fr\/preprod-nps\/#organization"},"potentialAction":[{"@type":"SearchAction","target":{"@type":"EntryPoint","urlTemplate":"https:\/\/imagimedia.fr\/preprod-nps\/?s={search_term_string}"},"query-input":{"@type":"PropertyValueSpecification","valueRequired":true,"valueName":"search_term_string"}}],"inLanguage":"fr-FR"},{"@type":"Organization","@id":"https:\/\/imagimedia.fr\/preprod-nps\/#organization","name":"New Protect Service","url":"https:\/\/imagimedia.fr\/preprod-nps\/","logo":{"@type":"ImageObject","inLanguage":"fr-FR","@id":"https:\/\/imagimedia.fr\/preprod-nps\/#\/schema\/logo\/image\/","url":"https:\/\/imagimedia.fr\/preprod-nps\/wp-content\/uploads\/2025\/03\/cropped-LOGO_NPS-lettres-Blc.png","contentUrl":"https:\/\/imagimedia.fr\/preprod-nps\/wp-content\/uploads\/2025\/03\/cropped-LOGO_NPS-lettres-Blc.png","width":350,"height":434,"caption":"New Protect Service"},"image":{"@id":"https:\/\/imagimedia.fr\/preprod-nps\/#\/schema\/logo\/image\/"}}]}},"uagb_featured_image_src":{"full":false,"thumbnail":false,"medium":false,"medium_large":false,"large":false,"1536x1536":false,"2048x2048":false,"menu-18x18":false},"uagb_author_info":{"display_name":"wer2jxxr11yj","author_link":"https:\/\/imagimedia.fr\/preprod-nps\/author\/wer2jxxr11yj\/"},"uagb_comment_info":0,"uagb_excerpt":"Nous contacter Nos bureaux New Protect Service Groupe PETER KLEEN L\u2019autorisation d\u2019exercice ne conf\u00e8re aucune pr\u00e9rogative de puissance publique \u00e0 [&hellip;]","_links":{"self":[{"href":"https:\/\/imagimedia.fr\/preprod-nps\/wp-json\/wp\/v2\/pages\/3085","targetHints":{"allow":["GET"]}}],"collection":[{"href":"https:\/\/imagimedia.fr\/preprod-nps\/wp-json\/wp\/v2\/pages"}],"about":[{"href":"https:\/\/imagimedia.fr\/preprod-nps\/wp-json\/wp\/v2\/types\/page"}],"author":[{"embeddable":true,"href":"https:\/\/imagimedia.fr\/preprod-nps\/wp-json\/wp\/v2\/users\/4"}],"replies":[{"embeddable":true,"href":"https:\/\/imagimedia.fr\/preprod-nps\/wp-json\/wp\/v2\/comments?post=3085"}],"version-history":[{"count":8,"href":"https:\/\/imagimedia.fr\/preprod-nps\/wp-json\/wp\/v2\/pages\/3085\/revisions"}],"predecessor-version":[{"id":4245,"href":"https:\/\/imagimedia.fr\/preprod-nps\/wp-json\/wp\/v2\/pages\/3085\/revisions\/4245"}],"wp:attachment":[{"href":"https:\/\/imagimedia.fr\/preprod-nps\/wp-json\/wp\/v2\/media?parent=3085"}],"curies":[{"name":"wp","href":"https:\/\/api.w.org\/{rel}","templated":true}]}}