{"id":631,"date":"2025-03-20T11:38:35","date_gmt":"2025-03-20T11:38:35","guid":{"rendered":"https:\/\/imagimedia.fr\/preprod-nps\/?page_id=631"},"modified":"2025-06-04T07:06:47","modified_gmt":"2025-06-04T07:06:47","slug":"mentions-legales","status":"publish","type":"page","link":"https:\/\/imagimedia.fr\/preprod-nps\/mentions-legales\/","title":{"rendered":"Mentions l\u00e9gales"},"content":{"rendered":"\n<div class=\"wp-block-uagb-container uagb-layout-grid uagb-block-861c71f8 alignfull uagb-is-root-container\"><div class=\"uagb-container-inner-blocks-wrap\">\n<div data-aos= \"slide-down\" data-aos-duration=\"400\" data-aos-delay=\"0\" data-aos-easing=\"ease\" data-aos-once=\"true\" class=\"wp-block-uagb-advanced-heading uagb-block-269a3267\"><h1 class=\"uagb-heading-text\">Mentions l\u00e9gales<\/h1><\/div>\n<\/div><\/div>\n\n\n\n<h2 class=\"wp-block-heading has-large-font-size\" style=\"padding-top:var(--wp--preset--spacing--70);padding-bottom:var(--wp--preset--spacing--20)\">\u00c9diteur du site<\/h2>\n\n\n\n<p><strong>Nom de l&rsquo;entreprise : <\/strong>NEW PROTECT SERVICE (NPS)<br><strong>Adresse du si\u00e8ge social<\/strong> : 8, Place Henri d&rsquo;Astier &#8211; 94220 CHARENTON-LE-PONT<br><strong>Num\u00e9ro de t\u00e9l\u00e9phone<\/strong>&nbsp;: +33 9&nbsp;83&nbsp;88&nbsp;92&nbsp;63<br><strong>E-mail :<\/strong> contact@newprotect.fr<br><strong>SIRET :<\/strong> 808569123<br><\/p>\n\n\n\n<p><strong>Directeur de publication<\/strong>&nbsp;: M. Oussama BARKI (Directeur des op\u00e9rations)<br><strong>Webmastering &amp; D\u00e9veloppement web<\/strong>&nbsp;:&nbsp;<a href=\"https:\/\/www.imagimedia.fr\/\" target=\"_blank\" rel=\"noreferrer noopener\">IMAGIMEDIA<\/a> &#8211; Communication Groupe Peter Kleen<\/p>\n\n\n\n<h2 class=\"wp-block-heading has-large-font-size\" style=\"padding-top:var(--wp--preset--spacing--40);padding-bottom:var(--wp--preset--spacing--20)\">H\u00e9bergement du site<\/h2>\n\n\n\n<p>OVH SAS<br>SAS au capital de 50 000 000 \u20ac<br>RCS Lille M\u00e9tropole 424 761 419 00045<br>Code APE 2620Z<br>N\u00b0 TVA : FR 22 424 761 419<br>Si\u00e8ge social : 2 rue Kellermann &#8211; 59100 Roubaix &#8211; France<\/p>\n\n\n\n<h2 class=\"wp-block-heading has-large-font-size\" style=\"padding-top:var(--wp--preset--spacing--40);padding-bottom:var(--wp--preset--spacing--20)\">Objet du site<\/h2>\n\n\n\n<p>Le site <strong>newprotect.fr<\/strong> a pour objectif de <strong>pr\u00e9senter la soci\u00e9t\u00e9 NPS<\/strong>, sp\u00e9cialis\u00e9e dans les prestations de s\u00e9curit\u00e9 humaine (pr\u00e9vention et surveillance, s\u00e9curit\u00e9 logistique, s\u00e9curit\u00e9 incendie et s\u00e9curit\u00e9 cynophile), et de fournir des informations claires sur ses activit\u00e9s, ses valeurs, ses domaines d\u2019intervention ainsi que ses moyens de contact.<\/p>\n\n\n\n<p>L\u2019ensemble des contenus publi\u00e9s sur le site est propos\u00e9 \u00e0 titre informatif. Ces informations ont pour but de faciliter la prise de contact, de valoriser l\u2019expertise de l\u2019entreprise et de permettre aux visiteurs d\u2019en savoir plus sur les services propos\u00e9s<\/p>\n\n\n\n<h2 class=\"wp-block-heading has-large-font-size\" style=\"padding-top:var(--wp--preset--spacing--40);padding-bottom:var(--wp--preset--spacing--20)\">Mise \u00e0 jour des contenus<\/h2>\n\n\n\n<p>Les informations disponibles sur ce site sont <strong>r\u00e9guli\u00e8rement mises \u00e0 jour<\/strong> par la soci\u00e9t\u00e9 <strong>NPS<\/strong> afin d\u2019assurer leur exactitude. N\u00e9anmoins, malgr\u00e9 le soin apport\u00e9 \u00e0 la r\u00e9daction et \u00e0 la v\u00e9rification des contenus, <strong>des erreurs, inexactitudes ou omissions peuvent subsister<\/strong>.<\/p>\n\n\n\n<p>La soci\u00e9t\u00e9 <strong>NPS<\/strong> se r\u00e9serve le droit de modifier, corriger ou suspendre tout ou partie des contenus du site, \u00e0 tout moment et sans pr\u00e9avis.<\/p>\n\n\n\n<h2 class=\"wp-block-heading has-large-font-size\" style=\"padding-top:var(--wp--preset--spacing--40);padding-bottom:var(--wp--preset--spacing--20)\">Responsabilit\u00e9<\/h2>\n\n\n\n<p>La soci\u00e9t\u00e9 <strong>NPS ne saurait \u00eatre tenue responsable<\/strong> :<\/p>\n\n\n\n<ul class=\"wp-block-list\">\n<li>des erreurs ou omissions dans les contenus diffus\u00e9s sur le site ;<\/li>\n\n\n\n<li>de tout pr\u00e9judice direct ou indirect, mat\u00e9riel ou immat\u00e9riel, <strong>notamment de nature financi\u00e8re ou commerciale<\/strong>, r\u00e9sultant de l\u2019acc\u00e8s ou de l\u2019utilisation du site, y compris en cas de perte de donn\u00e9es ou de programmes ;<\/li>\n\n\n\n<li>des dommages caus\u00e9s par l&rsquo;utilisation de liens hypertextes pr\u00e9sents sur le site, qui peuvent mener vers des sites tiers sur lesquels elle n&rsquo;exerce aucun contr\u00f4le ;<\/li>\n\n\n\n<li>des interruptions de service, erreurs techniques, bugs, ou tout dysfonctionnement du site, y compris li\u00e9s \u00e0 des erreurs de scripts, de navigateur ou de compatibilit\u00e9.<\/li>\n<\/ul>\n\n\n\n<p>L\u2019utilisation du site s\u2019effectue sous la seule responsabilit\u00e9 de l\u2019utilisateur, qui demeure responsable de la s\u00e9curit\u00e9 de ses \u00e9quipements et de ses donn\u00e9es.<\/p>\n\n\n\n<h2 class=\"wp-block-heading has-large-font-size\" style=\"padding-top:var(--wp--preset--spacing--40);padding-bottom:var(--wp--preset--spacing--20)\">Propri\u00e9t\u00e9 intellectuelle<\/h2>\n\n\n\n<p>L&rsquo;ensemble du site, ainsi que tous les \u00e9l\u00e9ments le composant (textes, images, graphismes, logos, vid\u00e9os) non mentionn\u00e9s dans les Cr\u00e9dits Photos, sont la propri\u00e9t\u00e9 exclusive de la soci\u00e9t\u00e9 <strong>NPS<\/strong>. Toute reproduction, repr\u00e9sentation, modification, publication, adaptation de tout ou partie des \u00e9l\u00e9ments du site, quel que soit le moyen ou le proc\u00e9d\u00e9 utilis\u00e9, est interdite, sauf autorisation \u00e9crite pr\u00e9alable.<\/p>\n\n\n\n<p><strong>Cr\u00e9dit Photos :<\/strong> Adobe Stock<br><strong>Cr\u00e9dit Vid\u00e9o :<\/strong> Pixabay<\/p>\n\n\n\n<h2 class=\"wp-block-heading has-large-font-size\" style=\"padding-top:var(--wp--preset--spacing--40);padding-bottom:var(--wp--preset--spacing--20)\">Donn\u00e9es personnelles<\/h2>\n\n\n\n<p>Le site peut collecter des donn\u00e9es personnelles via des formulaires de contact. Ces donn\u00e9es sont strictement n\u00e9cessaires au traitement de votre demande et ne sont en aucun cas c\u00e9d\u00e9es \u00e0 des tiers. Les conditions d&rsquo;utilisation des donn\u00e9es personnelles sont d\u00e9taill\u00e9es sur notre page <a href=\"https:\/\/imagimedia.fr\/preprod-nps\/politique-de-confidentialite\/\">Politique de confidentialit\u00e9<\/a>.<\/p>\n\n\n\n<h2 class=\"wp-block-heading has-large-font-size\" style=\"padding-top:var(--wp--preset--spacing--40);padding-bottom:var(--wp--preset--spacing--20)\">Cookies<\/h2>\n\n\n\n<p>Le site <strong>newprotect.fr <\/strong>utilise des cookies pour am\u00e9liorer votre exp\u00e9rience utilisateur, assurer certaines fonctionnalit\u00e9s techniques et r\u00e9aliser des statistiques de fr\u00e9quentation.<\/p>\n\n\n\n<p>Lors de votre premi\u00e8re visite, un bandeau cookie s\u2019affiche pour vous informer et vous permettre de g\u00e9rer vos pr\u00e9f\u00e9rences. Vous pouvez accepter, refuser ou personnaliser l&rsquo;utilisation des cookies non essentiels via ce panneau de configuration.<\/p>\n\n\n\n<div style=\"height:130px\" aria-hidden=\"true\" class=\"wp-block-spacer\"><\/div>\n\n\n\n<div class=\"wp-block-uagb-container uagb-block-283d2971 alignfull uagb-is-root-container\"><div class=\"uagb-container-inner-blocks-wrap\">\n<div class=\"wp-block-uagb-info-box uagb-block-82d1d57c uagb-infobox__content-wrap  uagb-infobox-icon-above-title uagb-infobox-image-valign-top\"><div class=\"uagb-ifb-content\"><div class=\"uagb-ifb-title-wrap\"><h2 class=\"uagb-ifb-title\">Votre s\u00e9r\u00e9nit\u00e9 commence ici<\/h2><\/div><p class=\"uagb-ifb-desc\">\u00c9tude de vos besoins et Devis gratuit NPS<\/p><div class=\"uagb-ifb-button-wrapper wp-block-button\"><a href=\"https:\/\/imagimedia.fr\/preprod-nps\/nous-contacter\/\" class=\"uagb-infobox-cta-link wp-block-button__link\" target=\"_self\" rel=\"noopener noreferrer\" onclick=\"return true;\"><span class=\"uagb-inline-editing\">nous contacter<\/span><\/a><\/div><\/div><\/div>\n<\/div><\/div>\n","protected":false},"excerpt":{"rendered":"<p>Mentions l\u00e9gales \u00c9diteur du site Nom de l&rsquo;entreprise : NEW PROTECT SERVICE (NPS)Adresse du si\u00e8ge social : 8, Place Henri [&hellip;]<\/p>\n","protected":false},"author":4,"featured_media":0,"parent":0,"menu_order":0,"comment_status":"closed","ping_status":"closed","template":"","meta":{"_uag_custom_page_level_css":"","site-sidebar-layout":"default","site-content-layout":"","ast-site-content-layout":"","site-content-style":"default","site-sidebar-style":"default","ast-global-header-display":"","ast-banner-title-visibility":"","ast-main-header-display":"","ast-hfb-above-header-display":"","ast-hfb-below-header-display":"","ast-hfb-mobile-header-display":"","site-post-title":"disabled","ast-breadcrumbs-content":"","ast-featured-img":"","footer-sml-layout":"","ast-disable-related-posts":"","theme-transparent-header-meta":"","adv-header-id-meta":"","stick-header-meta":"","header-above-stick-meta":"","header-main-stick-meta":"","header-below-stick-meta":"","astra-migrate-meta-layouts":"default","ast-page-background-enabled":"default","ast-page-background-meta":{"desktop":{"background-color":"var(--ast-global-color-4)","background-image":"","background-repeat":"repeat","background-position":"center center","background-size":"auto","background-attachment":"scroll","background-type":"","background-media":"","overlay-type":"","overlay-color":"","overlay-opacity":"","overlay-gradient":""},"tablet":{"background-color":"","background-image":"","background-repeat":"repeat","background-position":"center center","background-size":"auto","background-attachment":"scroll","background-type":"","background-media":"","overlay-type":"","overlay-color":"","overlay-opacity":"","overlay-gradient":""},"mobile":{"background-color":"","background-image":"","background-repeat":"repeat","background-position":"center center","background-size":"auto","background-attachment":"scroll","background-type":"","background-media":"","overlay-type":"","overlay-color":"","overlay-opacity":"","overlay-gradient":""}},"ast-content-background-meta":{"desktop":{"background-color":"var(--ast-global-color-5)","background-image":"","background-repeat":"repeat","background-position":"center center","background-size":"auto","background-attachment":"scroll","background-type":"","background-media":"","overlay-type":"","overlay-color":"","overlay-opacity":"","overlay-gradient":""},"tablet":{"background-color":"var(--ast-global-color-5)","background-image":"","background-repeat":"repeat","background-position":"center center","background-size":"auto","background-attachment":"scroll","background-type":"","background-media":"","overlay-type":"","overlay-color":"","overlay-opacity":"","overlay-gradient":""},"mobile":{"background-color":"var(--ast-global-color-5)","background-image":"","background-repeat":"repeat","background-position":"center center","background-size":"auto","background-attachment":"scroll","background-type":"","background-media":"","overlay-type":"","overlay-color":"","overlay-opacity":"","overlay-gradient":""}},"footnotes":""},"class_list":["post-631","page","type-page","status-publish","hentry"],"yoast_head":"<!-- This site is optimized with the Yoast SEO plugin v27.4 - https:\/\/yoast.com\/product\/yoast-seo-wordpress\/ -->\n<title>Mentions l\u00e9gales - New Protect Service<\/title>\n<meta name=\"robots\" content=\"noindex, follow, max-snippet:-1, max-image-preview:large, max-video-preview:-1\" \/>\n<meta property=\"og:locale\" content=\"fr_FR\" \/>\n<meta property=\"og:type\" content=\"article\" \/>\n<meta property=\"og:title\" content=\"Mentions l\u00e9gales - New Protect Service\" \/>\n<meta property=\"og:description\" content=\"Mentions l\u00e9gales \u00c9diteur du site Nom de l&rsquo;entreprise : NEW PROTECT SERVICE (NPS)Adresse du si\u00e8ge social : 8, Place Henri [&hellip;]\" \/>\n<meta property=\"og:url\" content=\"https:\/\/imagimedia.fr\/preprod-nps\/mentions-legales\/\" \/>\n<meta property=\"og:site_name\" content=\"New Protect Service\" \/>\n<meta property=\"article:modified_time\" content=\"2025-06-04T07:06:47+00:00\" \/>\n<meta property=\"og:image\" content=\"https:\/\/imagimedia.fr\/preprod-nps\/wp-content\/uploads\/2025\/06\/agent-securite-et-prevetion.jpg\" \/>\n\t<meta property=\"og:image:width\" content=\"800\" \/>\n\t<meta property=\"og:image:height\" content=\"534\" \/>\n\t<meta property=\"og:image:type\" content=\"image\/jpeg\" \/>\n<meta name=\"twitter:card\" content=\"summary_large_image\" \/>\n<meta name=\"twitter:label1\" content=\"Dur\u00e9e de lecture estim\u00e9e\" \/>\n\t<meta name=\"twitter:data1\" content=\"3 minutes\" \/>\n<script type=\"application\/ld+json\" class=\"yoast-schema-graph\">{\"@context\":\"https:\\\/\\\/schema.org\",\"@graph\":[{\"@type\":\"WebPage\",\"@id\":\"https:\\\/\\\/imagimedia.fr\\\/preprod-nps\\\/mentions-legales\\\/\",\"url\":\"https:\\\/\\\/imagimedia.fr\\\/preprod-nps\\\/mentions-legales\\\/\",\"name\":\"Mentions l\u00e9gales - New Protect Service\",\"isPartOf\":{\"@id\":\"https:\\\/\\\/imagimedia.fr\\\/preprod-nps\\\/#website\"},\"datePublished\":\"2025-03-20T11:38:35+00:00\",\"dateModified\":\"2025-06-04T07:06:47+00:00\",\"breadcrumb\":{\"@id\":\"https:\\\/\\\/imagimedia.fr\\\/preprod-nps\\\/mentions-legales\\\/#breadcrumb\"},\"inLanguage\":\"fr-FR\",\"potentialAction\":[{\"@type\":\"ReadAction\",\"target\":[\"https:\\\/\\\/imagimedia.fr\\\/preprod-nps\\\/mentions-legales\\\/\"]}]},{\"@type\":\"BreadcrumbList\",\"@id\":\"https:\\\/\\\/imagimedia.fr\\\/preprod-nps\\\/mentions-legales\\\/#breadcrumb\",\"itemListElement\":[{\"@type\":\"ListItem\",\"position\":1,\"name\":\"Accueil\",\"item\":\"https:\\\/\\\/imagimedia.fr\\\/preprod-nps\\\/\"},{\"@type\":\"ListItem\",\"position\":2,\"name\":\"Mentions l\u00e9gales\"}]},{\"@type\":\"WebSite\",\"@id\":\"https:\\\/\\\/imagimedia.fr\\\/preprod-nps\\\/#website\",\"url\":\"https:\\\/\\\/imagimedia.fr\\\/preprod-nps\\\/\",\"name\":\"New Protect Service\",\"description\":\"La s\u00e9curit\u00e9, vraiment humaine.\",\"publisher\":{\"@id\":\"https:\\\/\\\/imagimedia.fr\\\/preprod-nps\\\/#organization\"},\"potentialAction\":[{\"@type\":\"SearchAction\",\"target\":{\"@type\":\"EntryPoint\",\"urlTemplate\":\"https:\\\/\\\/imagimedia.fr\\\/preprod-nps\\\/?s={search_term_string}\"},\"query-input\":{\"@type\":\"PropertyValueSpecification\",\"valueRequired\":true,\"valueName\":\"search_term_string\"}}],\"inLanguage\":\"fr-FR\"},{\"@type\":\"Organization\",\"@id\":\"https:\\\/\\\/imagimedia.fr\\\/preprod-nps\\\/#organization\",\"name\":\"New Protect Service\",\"url\":\"https:\\\/\\\/imagimedia.fr\\\/preprod-nps\\\/\",\"logo\":{\"@type\":\"ImageObject\",\"inLanguage\":\"fr-FR\",\"@id\":\"https:\\\/\\\/imagimedia.fr\\\/preprod-nps\\\/#\\\/schema\\\/logo\\\/image\\\/\",\"url\":\"https:\\\/\\\/imagimedia.fr\\\/preprod-nps\\\/wp-content\\\/uploads\\\/2025\\\/03\\\/cropped-LOGO_NPS-lettres-Blc.png\",\"contentUrl\":\"https:\\\/\\\/imagimedia.fr\\\/preprod-nps\\\/wp-content\\\/uploads\\\/2025\\\/03\\\/cropped-LOGO_NPS-lettres-Blc.png\",\"width\":350,\"height\":434,\"caption\":\"New Protect Service\"},\"image\":{\"@id\":\"https:\\\/\\\/imagimedia.fr\\\/preprod-nps\\\/#\\\/schema\\\/logo\\\/image\\\/\"}}]}<\/script>\n<!-- \/ Yoast SEO plugin. -->","yoast_head_json":{"title":"Mentions l\u00e9gales - New Protect Service","robots":{"index":"noindex","follow":"follow","max-snippet":"max-snippet:-1","max-image-preview":"max-image-preview:large","max-video-preview":"max-video-preview:-1"},"og_locale":"fr_FR","og_type":"article","og_title":"Mentions l\u00e9gales - New Protect Service","og_description":"Mentions l\u00e9gales \u00c9diteur du site Nom de l&rsquo;entreprise : NEW PROTECT SERVICE (NPS)Adresse du si\u00e8ge social : 8, Place Henri [&hellip;]","og_url":"https:\/\/imagimedia.fr\/preprod-nps\/mentions-legales\/","og_site_name":"New Protect Service","article_modified_time":"2025-06-04T07:06:47+00:00","og_image":[{"width":800,"height":534,"url":"https:\/\/imagimedia.fr\/preprod-nps\/wp-content\/uploads\/2025\/06\/agent-securite-et-prevetion.jpg","type":"image\/jpeg"}],"twitter_card":"summary_large_image","twitter_misc":{"Dur\u00e9e de lecture estim\u00e9e":"3 minutes"},"schema":{"@context":"https:\/\/schema.org","@graph":[{"@type":"WebPage","@id":"https:\/\/imagimedia.fr\/preprod-nps\/mentions-legales\/","url":"https:\/\/imagimedia.fr\/preprod-nps\/mentions-legales\/","name":"Mentions l\u00e9gales - New Protect Service","isPartOf":{"@id":"https:\/\/imagimedia.fr\/preprod-nps\/#website"},"datePublished":"2025-03-20T11:38:35+00:00","dateModified":"2025-06-04T07:06:47+00:00","breadcrumb":{"@id":"https:\/\/imagimedia.fr\/preprod-nps\/mentions-legales\/#breadcrumb"},"inLanguage":"fr-FR","potentialAction":[{"@type":"ReadAction","target":["https:\/\/imagimedia.fr\/preprod-nps\/mentions-legales\/"]}]},{"@type":"BreadcrumbList","@id":"https:\/\/imagimedia.fr\/preprod-nps\/mentions-legales\/#breadcrumb","itemListElement":[{"@type":"ListItem","position":1,"name":"Accueil","item":"https:\/\/imagimedia.fr\/preprod-nps\/"},{"@type":"ListItem","position":2,"name":"Mentions l\u00e9gales"}]},{"@type":"WebSite","@id":"https:\/\/imagimedia.fr\/preprod-nps\/#website","url":"https:\/\/imagimedia.fr\/preprod-nps\/","name":"New Protect Service","description":"La s\u00e9curit\u00e9, vraiment humaine.","publisher":{"@id":"https:\/\/imagimedia.fr\/preprod-nps\/#organization"},"potentialAction":[{"@type":"SearchAction","target":{"@type":"EntryPoint","urlTemplate":"https:\/\/imagimedia.fr\/preprod-nps\/?s={search_term_string}"},"query-input":{"@type":"PropertyValueSpecification","valueRequired":true,"valueName":"search_term_string"}}],"inLanguage":"fr-FR"},{"@type":"Organization","@id":"https:\/\/imagimedia.fr\/preprod-nps\/#organization","name":"New Protect Service","url":"https:\/\/imagimedia.fr\/preprod-nps\/","logo":{"@type":"ImageObject","inLanguage":"fr-FR","@id":"https:\/\/imagimedia.fr\/preprod-nps\/#\/schema\/logo\/image\/","url":"https:\/\/imagimedia.fr\/preprod-nps\/wp-content\/uploads\/2025\/03\/cropped-LOGO_NPS-lettres-Blc.png","contentUrl":"https:\/\/imagimedia.fr\/preprod-nps\/wp-content\/uploads\/2025\/03\/cropped-LOGO_NPS-lettres-Blc.png","width":350,"height":434,"caption":"New Protect Service"},"image":{"@id":"https:\/\/imagimedia.fr\/preprod-nps\/#\/schema\/logo\/image\/"}}]}},"uagb_featured_image_src":{"full":false,"thumbnail":false,"medium":false,"medium_large":false,"large":false,"1536x1536":false,"2048x2048":false,"menu-18x18":false},"uagb_author_info":{"display_name":"wer2jxxr11yj","author_link":"https:\/\/imagimedia.fr\/preprod-nps\/author\/wer2jxxr11yj\/"},"uagb_comment_info":0,"uagb_excerpt":"Mentions l\u00e9gales \u00c9diteur du site Nom de l&rsquo;entreprise : NEW PROTECT SERVICE (NPS)Adresse du si\u00e8ge social : 8, Place Henri [&hellip;]","_links":{"self":[{"href":"https:\/\/imagimedia.fr\/preprod-nps\/wp-json\/wp\/v2\/pages\/631","targetHints":{"allow":["GET"]}}],"collection":[{"href":"https:\/\/imagimedia.fr\/preprod-nps\/wp-json\/wp\/v2\/pages"}],"about":[{"href":"https:\/\/imagimedia.fr\/preprod-nps\/wp-json\/wp\/v2\/types\/page"}],"author":[{"embeddable":true,"href":"https:\/\/imagimedia.fr\/preprod-nps\/wp-json\/wp\/v2\/users\/4"}],"replies":[{"embeddable":true,"href":"https:\/\/imagimedia.fr\/preprod-nps\/wp-json\/wp\/v2\/comments?post=631"}],"version-history":[{"count":8,"href":"https:\/\/imagimedia.fr\/preprod-nps\/wp-json\/wp\/v2\/pages\/631\/revisions"}],"predecessor-version":[{"id":4121,"href":"https:\/\/imagimedia.fr\/preprod-nps\/wp-json\/wp\/v2\/pages\/631\/revisions\/4121"}],"wp:attachment":[{"href":"https:\/\/imagimedia.fr\/preprod-nps\/wp-json\/wp\/v2\/media?parent=631"}],"curies":[{"name":"wp","href":"https:\/\/api.w.org\/{rel}","templated":true}]}}